{"id":187,"date":"2024-09-09T18:54:03","date_gmt":"2024-09-09T18:54:03","guid":{"rendered":"https:\/\/aeroport-essaouira.com\/?page_id=187"},"modified":"2024-09-10T13:08:19","modified_gmt":"2024-09-10T13:08:19","slug":"escale","status":"publish","type":"page","link":"https:\/\/aeroport-essaouira.com\/de\/guide\/escale\/","title":{"rendered":"Zwischenstopp Am Flughafen Essaouira"},"content":{"rendered":"<div data-elementor-type=\"wp-page\" data-elementor-id=\"187\" class=\"elementor elementor-187\" data-elementor-post-type=\"page\">\n\t\t\t\t<div class=\"elementor-element elementor-element-e193fce e-flex e-con-boxed e-con e-parent\" data-id=\"e193fce\" data-element_type=\"container\" data-e-type=\"container\" data-settings=\"{&quot;background_background&quot;:&quot;classic&quot;}\">\n\t\t\t\t\t<div class=\"e-con-inner\">\n\t\t\t\t<div class=\"elementor-element elementor-element-2eb92ea elementor-widget elementor-widget-heading\" data-id=\"2eb92ea\" data-element_type=\"widget\" data-e-type=\"widget\" data-widget_type=\"heading.default\">\n\t\t\t\t<div class=\"elementor-widget-container\">\n\t\t\t\t\t<h1 class=\"elementor-heading-title elementor-size-default\">Zwischenstopp Am Flughafen Essaouira\n<\/h1>\t\t\t\t<\/div>\n\t\t\t\t<\/div>\n\t\t\t\t<div class=\"elementor-element elementor-element-aa4db69 elementor-widget elementor-widget-heading\" data-id=\"aa4db69\" data-element_type=\"widget\" data-e-type=\"widget\" data-widget_type=\"heading.default\">\n\t\t\t\t<div class=\"elementor-widget-container\">\n\t\t\t\t\t<p class=\"elementor-heading-title elementor-size-default\">Was Sie tun k\u00f6nnen und n\u00fctzliche Tipps f\u00fcr Ihren Zwischenstopp am Flughafen Essaouira\n\n<\/p>\t\t\t\t<\/div>\n\t\t\t\t<\/div>\n\t\t\t\t\t<\/div>\n\t\t\t\t<\/div>\n\t\t\t\t<section class=\"elementor-section elementor-top-section elementor-element elementor-element-1790b1a3 elementor-section-content-middle elementor-section-boxed elementor-section-height-default elementor-section-height-default\" data-id=\"1790b1a3\" data-element_type=\"section\" data-e-type=\"section\" data-settings=\"{&quot;background_background&quot;:&quot;classic&quot;}\">\n\t\t\t\t\t\t<div class=\"elementor-container elementor-column-gap-default\">\n\t\t\t\t\t<div class=\"elementor-column elementor-col-50 elementor-top-column elementor-element elementor-element-71aab1a5\" data-id=\"71aab1a5\" data-element_type=\"column\" data-e-type=\"column\">\n\t\t\t<div class=\"elementor-widget-wrap elementor-element-populated\">\n\t\t\t\t\t\t<div class=\"elementor-element elementor-element-719155e elementor-widget elementor-widget-text-editor\" data-id=\"719155e\" data-element_type=\"widget\" data-e-type=\"widget\" data-widget_type=\"text-editor.default\">\n\t\t\t\t<div class=\"elementor-widget-container\">\n\t\t\t\t\t\t\t\t\t<p><a href=\"https:\/\/aeroport-essaouira.com\/de\/\">Flughafen Essaouira Mogador<\/a>\u00a0 &gt; <strong>Zwischenlandung Am Flughafen<\/strong><\/p>\t\t\t\t\t\t\t\t<\/div>\n\t\t\t\t<\/div>\n\t\t\t\t<div class=\"elementor-element elementor-element-4b541d87 elementor-widget elementor-widget-heading\" data-id=\"4b541d87\" data-element_type=\"widget\" data-e-type=\"widget\" data-widget_type=\"heading.default\">\n\t\t\t\t<div class=\"elementor-widget-container\">\n\t\t\t\t\t<h2 class=\"elementor-heading-title elementor-size-default\">Zwischenstopp am Flughafen Essaouira Mogador (ESU)\n<\/h2>\t\t\t\t<\/div>\n\t\t\t\t<\/div>\n\t\t\t\t<div class=\"elementor-element elementor-element-6166de31 elementor-widget elementor-widget-text-editor\" data-id=\"6166de31\" data-element_type=\"widget\" data-e-type=\"widget\" data-widget_type=\"text-editor.default\">\n\t\t\t\t<div class=\"elementor-widget-container\">\n\t\t\t\t\t\t\t\t\t<p>Wenn Sie am Flughafen Essaouira Mogador einen Zwischenstopp einlegen, werden Sie die einfache und freundliche Ausstattung sch\u00e4tzen, die darauf ausgelegt ist, Ihnen das Warten angenehm und komfortabel zu gestalten. Dieser Flughafen, das Tor zur bezaubernden Stadt Essaouira und ihrer Umgebung, verf\u00fcgt \u00fcber einige Caf\u00e9s, in denen Sie einen Snack oder ein Getr\u00e4nk zu sich nehmen k\u00f6nnen. Au\u00dferdem gibt es einen Duty-free-Shop f\u00fcr Last-Minute-Eink\u00e4ufe oder Souvenirs. Dank der \u00fcberschaubaren Gr\u00f6\u00dfe des Flughafens sind alle Einrichtungen leicht zu Fu\u00df erreichbar, was Ihren Zwischenstopp am Flughafen Essaouira zu einem reibungslosen und angenehmen Erlebnis macht.<\/p>\t\t\t\t\t\t\t\t<\/div>\n\t\t\t\t<\/div>\n\t\t\t\t<div class=\"elementor-element elementor-element-e06f6f8 elementor-widget elementor-widget-heading\" data-id=\"e06f6f8\" data-element_type=\"widget\" data-e-type=\"widget\" data-widget_type=\"heading.default\">\n\t\t\t\t<div class=\"elementor-widget-container\">\n\t\t\t\t\t<h2 class=\"elementor-heading-title elementor-size-default\">5 M\u00f6glichkeiten, einen kurzen Zwischenstopp am Flughafen von Essaouira zu verbringen\n<\/h2>\t\t\t\t<\/div>\n\t\t\t\t<\/div>\n\t\t\t\t<div class=\"elementor-element elementor-element-e52c5d6 elementor-widget elementor-widget-image\" data-id=\"e52c5d6\" data-element_type=\"widget\" data-e-type=\"widget\" data-widget_type=\"image.default\">\n\t\t\t\t<div class=\"elementor-widget-container\">\n\t\t\t\t\t\t\t\t\t\t\t\t\t\t\t<img fetchpriority=\"high\" decoding=\"async\" width=\"800\" height=\"600\" src=\"https:\/\/aeroport-essaouira.com\/wp-content\/uploads\/2024\/09\/airport-1024x768.jpg\" class=\"attachment-large size-large wp-image-84\" alt=\"Flughafen\" srcset=\"https:\/\/aeroport-essaouira.com\/wp-content\/uploads\/2024\/09\/airport-1024x768.jpg 1024w, https:\/\/aeroport-essaouira.com\/wp-content\/uploads\/2024\/09\/airport-300x225.jpg 300w, https:\/\/aeroport-essaouira.com\/wp-content\/uploads\/2024\/09\/airport-768x576.jpg 768w, https:\/\/aeroport-essaouira.com\/wp-content\/uploads\/2024\/09\/airport.jpg 1360w\" sizes=\"(max-width: 800px) 100vw, 800px\" \/>\t\t\t\t\t\t\t\t\t\t\t\t\t\t\t<\/div>\n\t\t\t\t<\/div>\n\t\t\t\t<div class=\"elementor-element elementor-element-8d17cf3 elementor-widget elementor-widget-text-editor\" data-id=\"8d17cf3\" data-element_type=\"widget\" data-e-type=\"widget\" data-widget_type=\"text-editor.default\">\n\t\t\t\t<div class=\"elementor-widget-container\">\n\t\t\t\t\t\t\t\t\t<p>Wenn Sie auf dem Flughafen Essaouira Mogador einen Zwischenstopp einlegen, k\u00f6nnen Sie, selbst wenn Sie nur noch wenige Stunden vor sich haben, Ihre Pause in vollen Z\u00fcgen genie\u00dfen, ohne das Terminal zu verlassen. Hier sind f\u00fcnf M\u00f6glichkeiten, wie Sie einen kurzen Zwischenstopp in Essaouira in eine angenehme und entspannende Zeit verwandeln k\u00f6nnen.<\/p><ol><li><p><strong>Nutzen Sie die Entspannungsbereiche<\/strong><br \/>Obwohl der Flughafen von Essaouira kleiner ist, bietet er komfortable Bereiche, in denen Sie sich vor Ihrem n\u00e4chsten Flug entspannen k\u00f6nnen. Nehmen Sie einen Sitzplatz, genie\u00dfen Sie die Ruhe und bereiten Sie sich auf den Rest Ihrer Reise vor.<\/p><\/li><li><p><strong>Genie\u00dfen Sie die marokkanische K\u00fcche<\/strong><br \/>Probieren Sie die lokalen Geschm\u00e4cker in den Caf\u00e9s am Flughafen. Hier k\u00f6nnen Sie marokkanische Gerichte wie Tagine oder Couscous probieren, die sich ideal f\u00fcr eine schnelle, aber authentische Mahlzeit eignen, bevor Sie Ihre Reise fortsetzen.<\/p><\/li><li><p><strong>Machen Sie einige Eink\u00e4ufe im Duty-free-Shop<\/strong><br \/>Der Flughafen verf\u00fcgt \u00fcber einen Duty-free-Shop, der perfekt ist, um Souvenirs oder lokale Produkte wie Gew\u00fcrze, Argan\u00f6l oder sogar Handwerksartikel zu kaufen. Auch internationale Produkte finden Sie hier zu g\u00fcnstigen Preisen.<\/p><\/li><li><p><strong>Nutzen Sie Wi-Fi, um Ihre weitere Reise zu planen<\/strong><br \/>Der Flughafen bietet kostenloses Wi-Fi. Nutzen Sie die Gelegenheit, um Ihre Reiseroute zu planen, Ihre E-Mails abzurufen oder Ihre n\u00e4chsten Buchungen zu organisieren, bevor Sie zu Ihrem endg\u00fcltigen Ziel abreisen.<\/p><\/li><li><p><strong>Bestaunen Sie das lokale Kunsthandwerk<\/strong><br \/>Manchmal werden in den Flugh\u00e4fen Kunstwerke oder f\u00fcr die Region typische Handwerksgegenst\u00e4nde ausgestellt. Nehmen Sie sich einen Moment Zeit, um diese St\u00fccke zu w\u00fcrdigen und einen Einblick in die reiche Handwerkskultur von Essaouira zu erhalten, die f\u00fcr ihre Holzgegenst\u00e4nde und ihre einzigartige Kunst ber\u00fchmt ist.<\/p><\/li><\/ol>\t\t\t\t\t\t\t\t<\/div>\n\t\t\t\t<\/div>\n\t\t\t\t<div class=\"elementor-element elementor-element-06a34f8 elementor-widget elementor-widget-heading\" data-id=\"06a34f8\" data-element_type=\"widget\" data-e-type=\"widget\" data-widget_type=\"heading.default\">\n\t\t\t\t<div class=\"elementor-widget-container\">\n\t\t\t\t\t<h2 class=\"elementor-heading-title elementor-size-default\">Bei einem l\u00e4ngeren Zwischenstopp sollten Sie keine Zeit verlieren und sich auf den Weg nach Essaouira machen!\n\n<\/h2>\t\t\t\t<\/div>\n\t\t\t\t<\/div>\n\t\t\t\t<div class=\"elementor-element elementor-element-ca11a96 elementor-widget elementor-widget-text-editor\" data-id=\"ca11a96\" data-element_type=\"widget\" data-e-type=\"widget\" data-widget_type=\"text-editor.default\">\n\t\t\t\t<div class=\"elementor-widget-container\">\n\t\t\t\t\t\t\t\t\t<p>Haben Sie einen l\u00e4ngeren Zwischenstopp am Flughafen Essaouira Mogador? Dann ist dies die perfekte Gelegenheit, den Flughafen zu verlassen und Essaouira zu erkunden, selbst wenn es nur f\u00fcr ein paar Stunden ist. Hier erfahren Sie, wie Sie Ihre Zeit am besten nutzen und das Beste aus Ihrem spontanen Ausflug machen k\u00f6nnen.<\/p><ol><li><p><strong>Planen Sie im Voraus<\/strong><br \/>Bevor Sie den Flughafen verlassen, \u00fcberpr\u00fcfen Sie Ihre Flugpl\u00e4ne und vergewissern Sie sich, dass Sie ohne Probleme ausreisen k\u00f6nnen, insbesondere im Hinblick auf Visabestimmungen. Planen Sie dann eine Route, um jede Minute Ihres Zwischenstopps optimal zu nutzen.<\/p><\/li><li><p><strong>Besuchen Sie die Medina von Essaouira<\/strong><br \/>Die Medina, die zum UNESCO-Weltkulturerbe geh\u00f6rt, ist etwa 20 Minuten vom Flughafen entfernt. Erkunden Sie die malerischen Gassen, bewundern Sie die wei\u00df get\u00fcnchten H\u00e4user und entdecken Sie die L\u00e4den der lokalen Kunsthandwerker. Dies ist der ideale Ort, um einzigartige Souvenirs wie Argan\u00f6l oder Gegenst\u00e4nde aus Thuya-Holz zu kaufen.<\/p><\/li><li><p><strong>Entdecken Sie den Hafen von Essaouira<\/strong><br \/>Der malerische Hafen ist eines der Wahrzeichen der Stadt. Nehmen Sie sich die Zeit, den einheimischen Fischern dabei zuzusehen, wie sie mit ihrem Fang des Tages zur\u00fcckkehren, und genie\u00dfen Sie den Blick auf die historischen Befestigungsanlagen, die den Ozean \u00fcberragen.<\/p><\/li><li><p><strong>Genie\u00dfen Sie die Str\u00e4nde von Essaouira<\/strong><br \/>Wenn es das Wetter zul\u00e4sst, begeben Sie sich an den Strand von Essaouira, der f\u00fcr seine konstanten Winde bekannt ist und sich ideal zum Kitesurfen oder Windsurfen eignet. Selbst ein kurzer Spaziergang am Strand wird Ihnen helfen, sich zu entspannen und die Meeresluft einzuatmen.<\/p><\/li><li><p><strong>Erkunden Sie den Souk der Medina<\/strong><br \/>Der Souk von Essaouira ist voll von lokalen Produkten, Teppichen, Schmuck und traditioneller Kleidung. Tauchen Sie in die lokale Atmosph\u00e4re ein, entdecken Sie marokkanisches Kunsthandwerk und probieren Sie lokales Geb\u00e4ck wie Gazellenh\u00f6rner.<\/p><\/li><li><p><strong>Genie\u00dfen Sie die lokale K\u00fcche<\/strong><br \/>Essaouira ist f\u00fcr seine frischen Meeresfr\u00fcchte bekannt. Nutzen Sie Ihren Zwischenstopp, um in einem der Restaurants am Meer eine k\u00f6stliche Fisch-Tajine oder gegrillte Sardinen zu probieren.<\/p><\/li><li><p><strong>Bewundern Sie die Stadtmauern und die Skala<\/strong><br \/>Die Stadtmauern von Essaouira bieten einen atemberaubenden Blick auf den Atlantischen Ozean. Schlendern Sie an der Skala entlang und genie\u00dfen Sie die architektonische Sch\u00f6nheit dieser Festungsanlagen, w\u00e4hrend Sie die Meeresbrise genie\u00dfen.<\/p><\/li><\/ol><p>Lassen Sie sich durch einen langen Zwischenstopp nicht auf das Innere des Flughafens beschr\u00e4nken. Essaouira ist voller Sch\u00e4tze, die es zu entdecken gilt. Nutzen Sie die wenigen Stunden, um diese magische Stadt zu erkunden!<\/p>\t\t\t\t\t\t\t\t<\/div>\n\t\t\t\t<\/div>\n\t\t\t\t\t<\/div>\n\t\t<\/div>\n\t\t\t\t<div class=\"elementor-column elementor-col-50 elementor-top-column elementor-element elementor-element-4a007f14\" data-id=\"4a007f14\" data-element_type=\"column\" data-e-type=\"column\" data-settings=\"{&quot;background_background&quot;:&quot;classic&quot;}\">\n\t\t\t<div class=\"elementor-widget-wrap\">\n\t\t\t\t\t\t\t<\/div>\n\t\t<\/div>\n\t\t\t\t\t<\/div>\n\t\t<\/section>\n\t\t\t\t<section class=\"elementor-section elementor-top-section elementor-element elementor-element-bee2376 elementor-section-content-middle elementor-section-boxed elementor-section-height-default elementor-section-height-default\" data-id=\"bee2376\" data-element_type=\"section\" data-e-type=\"section\" data-settings=\"{&quot;background_background&quot;:&quot;classic&quot;}\">\n\t\t\t\t\t\t<div class=\"elementor-container elementor-column-gap-default\">\n\t\t\t\t\t<div class=\"elementor-column elementor-col-33 elementor-top-column elementor-element elementor-element-da91176\" data-id=\"da91176\" data-element_type=\"column\" data-e-type=\"column\">\n\t\t\t<div class=\"elementor-widget-wrap elementor-element-populated\">\n\t\t\t\t\t\t<div class=\"elementor-element elementor-element-4479cef elementor-view-default elementor-widget elementor-widget-icon\" data-id=\"4479cef\" data-element_type=\"widget\" data-e-type=\"widget\" data-widget_type=\"icon.default\">\n\t\t\t\t<div class=\"elementor-widget-container\">\n\t\t\t\t\t\t\t<div class=\"elementor-icon-wrapper\">\n\t\t\t<div class=\"elementor-icon\">\n\t\t\t<svg aria-hidden=\"true\" class=\"e-font-icon-svg e-fas-plane\" viewbox=\"0 0 576 512\" xmlns=\"http:\/\/www.w3.org\/2000\/svg\"><path d=\"M480 192H365.71L260.61 8.06A16.014 16.014 0 0 0 246.71 0h-65.5c-10.63 0-18.3 10.17-15.38 20.39L214.86 192H112l-43.2-57.6c-3.02-4.03-7.77-6.4-12.8-6.4H16.01C5.6 128-2.04 137.78.49 147.88L32 256 .49 364.12C-2.04 374.22 5.6 384 16.01 384H56c5.04 0 9.78-2.37 12.8-6.4L112 320h102.86l-49.03 171.6c-2.92 10.22 4.75 20.4 15.38 20.4h65.5c5.74 0 11.04-3.08 13.89-8.06L365.71 320H480c35.35 0 96-28.65 96-64s-60.65-64-96-64z\"><\/path><\/svg>\t\t\t<\/div>\n\t\t<\/div>\n\t\t\t\t\t\t<\/div>\n\t\t\t\t<\/div>\n\t\t\t\t<div class=\"elementor-element elementor-element-498d80e elementor-widget elementor-widget-heading\" data-id=\"498d80e\" data-element_type=\"widget\" data-e-type=\"widget\" data-widget_type=\"heading.default\">\n\t\t\t\t<div class=\"elementor-widget-container\">\n\t\t\t\t\t<div class=\"elementor-heading-title elementor-size-default\">1,706 Fl\u00fcge\n\n<\/div>\t\t\t\t<\/div>\n\t\t\t\t<\/div>\n\t\t\t\t<div class=\"elementor-element elementor-element-5c3b7c6 elementor-widget elementor-widget-text-editor\" data-id=\"5c3b7c6\" data-element_type=\"widget\" data-e-type=\"widget\" data-widget_type=\"text-editor.default\">\n\t\t\t\t<div class=\"elementor-widget-container\">\n\t\t\t\t\t\t\t\t\t<p>Flugoperationen<\/p>\t\t\t\t\t\t\t\t<\/div>\n\t\t\t\t<\/div>\n\t\t\t\t\t<\/div>\n\t\t<\/div>\n\t\t\t\t<div class=\"elementor-column elementor-col-33 elementor-top-column elementor-element elementor-element-8c89132\" data-id=\"8c89132\" data-element_type=\"column\" data-e-type=\"column\">\n\t\t\t<div class=\"elementor-widget-wrap elementor-element-populated\">\n\t\t\t\t\t\t<div class=\"elementor-element elementor-element-b6377cf elementor-view-default elementor-widget elementor-widget-icon\" data-id=\"b6377cf\" data-element_type=\"widget\" data-e-type=\"widget\" data-widget_type=\"icon.default\">\n\t\t\t\t<div class=\"elementor-widget-container\">\n\t\t\t\t\t\t\t<div class=\"elementor-icon-wrapper\">\n\t\t\t<div class=\"elementor-icon\">\n\t\t\t<svg aria-hidden=\"true\" class=\"e-font-icon-svg e-fas-globe\" viewbox=\"0 0 496 512\" xmlns=\"http:\/\/www.w3.org\/2000\/svg\"><path d=\"M336.5 160C322 70.7 287.8 8 248 8s-74 62.7-88.5 152h177zM152 256c0 22.2 1.2 43.5 3.3 64h185.3c2.1-20.5 3.3-41.8 3.3-64s-1.2-43.5-3.3-64H155.3c-2.1 20.5-3.3 41.8-3.3 64zm324.7-96c-28.6-67.9-86.5-120.4-158-141.6 24.4 33.8 41.2 84.7 50 141.6h108zM177.2 18.4C105.8 39.6 47.8 92.1 19.3 160h108c8.7-56.9 25.5-107.8 49.9-141.6zM487.4 192H372.7c2.1 21 3.3 42.5 3.3 64s-1.2 43-3.3 64h114.6c5.5-20.5 8.6-41.8 8.6-64s-3.1-43.5-8.5-64zM120 256c0-21.5 1.2-43 3.3-64H8.6C3.2 212.5 0 233.8 0 256s3.2 43.5 8.6 64h114.6c-2-21-3.2-42.5-3.2-64zm39.5 96c14.5 89.3 48.7 152 88.5 152s74-62.7 88.5-152h-177zm159.3 141.6c71.4-21.2 129.4-73.7 158-141.6h-108c-8.8 56.9-25.6 107.8-50 141.6zM19.3 352c28.6 67.9 86.5 120.4 158 141.6-24.4-33.8-41.2-84.7-50-141.6h-108z\"><\/path><\/svg>\t\t\t<\/div>\n\t\t<\/div>\n\t\t\t\t\t\t<\/div>\n\t\t\t\t<\/div>\n\t\t\t\t<div class=\"elementor-element elementor-element-09349c6 elementor-widget elementor-widget-heading\" data-id=\"09349c6\" data-element_type=\"widget\" data-e-type=\"widget\" data-widget_type=\"heading.default\">\n\t\t\t\t<div class=\"elementor-widget-container\">\n\t\t\t\t\t<div class=\"elementor-heading-title elementor-size-default\">1 Million\n<\/div>\t\t\t\t<\/div>\n\t\t\t\t<\/div>\n\t\t\t\t<div class=\"elementor-element elementor-element-46d39ff elementor-widget elementor-widget-text-editor\" data-id=\"46d39ff\" data-element_type=\"widget\" data-e-type=\"widget\" data-widget_type=\"text-editor.default\">\n\t\t\t\t<div class=\"elementor-widget-container\">\n\t\t\t\t\t\t\t\t\t<p>J\u00e4hrlicher Passagierverkehr<\/p>\t\t\t\t\t\t\t\t<\/div>\n\t\t\t\t<\/div>\n\t\t\t\t\t<\/div>\n\t\t<\/div>\n\t\t\t\t<div class=\"elementor-column elementor-col-33 elementor-top-column elementor-element elementor-element-cbb6c94\" data-id=\"cbb6c94\" data-element_type=\"column\" data-e-type=\"column\">\n\t\t\t<div class=\"elementor-widget-wrap elementor-element-populated\">\n\t\t\t\t\t\t<div class=\"elementor-element elementor-element-f59b7a3 elementor-view-default elementor-widget elementor-widget-icon\" data-id=\"f59b7a3\" data-element_type=\"widget\" data-e-type=\"widget\" data-widget_type=\"icon.default\">\n\t\t\t\t<div class=\"elementor-widget-container\">\n\t\t\t\t\t\t\t<div class=\"elementor-icon-wrapper\">\n\t\t\t<div class=\"elementor-icon\">\n\t\t\t<svg aria-hidden=\"true\" class=\"e-font-icon-svg e-far-address-book\" viewbox=\"0 0 448 512\" xmlns=\"http:\/\/www.w3.org\/2000\/svg\"><path d=\"M436 160c6.6 0 12-5.4 12-12v-40c0-6.6-5.4-12-12-12h-20V48c0-26.5-21.5-48-48-48H48C21.5 0 0 21.5 0 48v416c0 26.5 21.5 48 48 48h320c26.5 0 48-21.5 48-48v-48h20c6.6 0 12-5.4 12-12v-40c0-6.6-5.4-12-12-12h-20v-64h20c6.6 0 12-5.4 12-12v-40c0-6.6-5.4-12-12-12h-20v-64h20zm-68 304H48V48h320v416zM208 256c35.3 0 64-28.7 64-64s-28.7-64-64-64-64 28.7-64 64 28.7 64 64 64zm-89.6 128h179.2c12.4 0 22.4-8.6 22.4-19.2v-19.2c0-31.8-30.1-57.6-67.2-57.6-10.8 0-18.7 8-44.8 8-26.9 0-33.4-8-44.8-8-37.1 0-67.2 25.8-67.2 57.6v19.2c0 10.6 10 19.2 22.4 19.2z\"><\/path><\/svg>\t\t\t<\/div>\n\t\t<\/div>\n\t\t\t\t\t\t<\/div>\n\t\t\t\t<\/div>\n\t\t\t\t<div class=\"elementor-element elementor-element-4c7228e elementor-widget elementor-widget-heading\" data-id=\"4c7228e\" data-element_type=\"widget\" data-e-type=\"widget\" data-widget_type=\"heading.default\">\n\t\t\t\t<div class=\"elementor-widget-container\">\n\t\t\t\t\t<div class=\"elementor-heading-title elementor-size-default\">202,762 Passagiere\n\n<\/div>\t\t\t\t<\/div>\n\t\t\t\t<\/div>\n\t\t\t\t<div class=\"elementor-element elementor-element-fd78028 elementor-widget elementor-widget-text-editor\" data-id=\"fd78028\" data-element_type=\"widget\" data-e-type=\"widget\" data-widget_type=\"text-editor.default\">\n\t\t\t\t<div class=\"elementor-widget-container\">\n\t\t\t\t\t\t\t\t\t<p>Monatliche Passagierzahlen<\/p>\t\t\t\t\t\t\t\t<\/div>\n\t\t\t\t<\/div>\n\t\t\t\t\t<\/div>\n\t\t<\/div>\n\t\t\t\t\t<\/div>\n\t\t<\/section>\n\t\t\t\t<\/div>","protected":false},"excerpt":{"rendered":"<p>Escale \u00c0 L&rsquo;a\u00e9roport D&rsquo;Essaouira Choses \u00e0 faire et conseils utiles pour votre escale \u00e0 l\u2019a\u00e9roport d\u2019Essaouira A\u00e9roport Essaouira Mogador\u00a0 &gt; Escale \u00c0 L\u2019a\u00e9roport Escale \u00e0 l&rsquo;a\u00e9roport d&rsquo;Essaouira Mogador (ESU) Si vous faites une escale \u00e0 l\u2019a\u00e9roport d\u2019Essaouira Mogador, vous appr\u00e9cierez la simplicit\u00e9 et la convivialit\u00e9 de ses \u00e9quipements con\u00e7us pour rendre votre attente agr\u00e9able et [&hellip;]<\/p>\n","protected":false},"author":1,"featured_media":0,"parent":123,"menu_order":0,"comment_status":"closed","ping_status":"closed","template":"","meta":{"footnotes":""},"class_list":["post-187","page","type-page","status-publish","hentry"],"_links":{"self":[{"href":"https:\/\/aeroport-essaouira.com\/de\/wp-json\/wp\/v2\/pages\/187","targetHints":{"allow":["GET"]}}],"collection":[{"href":"https:\/\/aeroport-essaouira.com\/de\/wp-json\/wp\/v2\/pages"}],"about":[{"href":"https:\/\/aeroport-essaouira.com\/de\/wp-json\/wp\/v2\/types\/page"}],"author":[{"embeddable":true,"href":"https:\/\/aeroport-essaouira.com\/de\/wp-json\/wp\/v2\/users\/1"}],"replies":[{"embeddable":true,"href":"https:\/\/aeroport-essaouira.com\/de\/wp-json\/wp\/v2\/comments?post=187"}],"version-history":[{"count":5,"href":"https:\/\/aeroport-essaouira.com\/de\/wp-json\/wp\/v2\/pages\/187\/revisions"}],"predecessor-version":[{"id":258,"href":"https:\/\/aeroport-essaouira.com\/de\/wp-json\/wp\/v2\/pages\/187\/revisions\/258"}],"up":[{"embeddable":true,"href":"https:\/\/aeroport-essaouira.com\/de\/wp-json\/wp\/v2\/pages\/123"}],"wp:attachment":[{"href":"https:\/\/aeroport-essaouira.com\/de\/wp-json\/wp\/v2\/media?parent=187"}],"curies":[{"name":"wp","href":"https:\/\/api.w.org\/{rel}","templated":true}]}}