{"id":123,"date":"2024-09-08T20:03:41","date_gmt":"2024-09-08T20:03:41","guid":{"rendered":"https:\/\/aeroport-essaouira.com\/?page_id=123"},"modified":"2024-09-11T10:02:33","modified_gmt":"2024-09-11T10:02:33","slug":"guide","status":"publish","type":"page","link":"https:\/\/aeroport-essaouira.com\/es\/guide\/","title":{"rendered":"Gu\u00eda"},"content":{"rendered":"<div data-elementor-type=\"wp-page\" data-elementor-id=\"123\" class=\"elementor elementor-123\" data-elementor-post-type=\"page\">\n\t\t\t\t<div class=\"elementor-element elementor-element-e193fce e-flex e-con-boxed e-con e-parent\" data-id=\"e193fce\" data-element_type=\"container\" data-e-type=\"container\" data-settings=\"{&quot;background_background&quot;:&quot;classic&quot;}\">\n\t\t\t\t\t<div class=\"e-con-inner\">\n\t\t\t\t<div class=\"elementor-element elementor-element-2eb92ea elementor-widget elementor-widget-heading\" data-id=\"2eb92ea\" data-element_type=\"widget\" data-e-type=\"widget\" data-widget_type=\"heading.default\">\n\t\t\t\t<div class=\"elementor-widget-container\">\n\t\t\t\t\t<h1 class=\"elementor-heading-title elementor-size-default\">Gu\u00eda del aeropuerto de Essaouira\n<\/h1>\t\t\t\t<\/div>\n\t\t\t\t<\/div>\n\t\t\t\t<div class=\"elementor-element elementor-element-aa4db69 elementor-widget elementor-widget-heading\" data-id=\"aa4db69\" data-element_type=\"widget\" data-e-type=\"widget\" data-widget_type=\"heading.default\">\n\t\t\t\t<div class=\"elementor-widget-container\">\n\t\t\t\t\t<p class=\"elementor-heading-title elementor-size-default\">Informaci\u00f3n \u00fatil sobre el aeropuerto de Essaouira \n\n\n<\/p>\t\t\t\t<\/div>\n\t\t\t\t<\/div>\n\t\t\t\t\t<\/div>\n\t\t\t\t<\/div>\n\t\t\t\t<section class=\"elementor-section elementor-top-section elementor-element elementor-element-1790b1a3 elementor-section-content-middle elementor-section-boxed elementor-section-height-default elementor-section-height-default\" data-id=\"1790b1a3\" data-element_type=\"section\" data-e-type=\"section\" data-settings=\"{&quot;background_background&quot;:&quot;classic&quot;}\">\n\t\t\t\t\t\t<div class=\"elementor-container elementor-column-gap-default\">\n\t\t\t\t\t<div class=\"elementor-column elementor-col-50 elementor-top-column elementor-element elementor-element-71aab1a5\" data-id=\"71aab1a5\" data-element_type=\"column\" data-e-type=\"column\">\n\t\t\t<div class=\"elementor-widget-wrap elementor-element-populated\">\n\t\t\t\t\t\t<div class=\"elementor-element elementor-element-719155e elementor-widget elementor-widget-text-editor\" data-id=\"719155e\" data-element_type=\"widget\" data-e-type=\"widget\" data-widget_type=\"text-editor.default\">\n\t\t\t\t<div class=\"elementor-widget-container\">\n\t\t\t\t\t\t\t\t\t<p><a href=\"https:\/\/aeroport-essaouira.com\/es\/\">Aeropuerto de Essaouira Mogador<\/a>\u00a0 &gt; <strong>Gu\u00eda<\/strong><\/p>\t\t\t\t\t\t\t\t<\/div>\n\t\t\t\t<\/div>\n\t\t\t\t<div class=\"elementor-element elementor-element-4b541d87 elementor-widget elementor-widget-heading\" data-id=\"4b541d87\" data-element_type=\"widget\" data-e-type=\"widget\" data-widget_type=\"heading.default\">\n\t\t\t\t<div class=\"elementor-widget-container\">\n\t\t\t\t\t<h2 class=\"elementor-heading-title elementor-size-default\">Informaci\u00f3n general sobre el aeropuerto\n<\/h2>\t\t\t\t<\/div>\n\t\t\t\t<\/div>\n\t\t\t\t<div class=\"elementor-element elementor-element-6166de31 elementor-widget elementor-widget-text-editor\" data-id=\"6166de31\" data-element_type=\"widget\" data-e-type=\"widget\" data-widget_type=\"text-editor.default\">\n\t\t\t\t<div class=\"elementor-widget-container\">\n\t\t\t\t\t\t\t\t\t<p>El aeropuerto de Essaouira Mogador, a menudo conocido como aeropuerto de Essaouira, es la principal puerta de entrada a la ciudad de Essaouira, en la costa oeste de Marruecos. A unos 15 kil\u00f3metros del centro de la ciudad, cubre una superficie de varios kil\u00f3metros cuadrados y es uno de los aeropuertos de m\u00e1s r\u00e1pido crecimiento del pa\u00eds. Aunque de menor tama\u00f1o que los grandes hubs internacionales, gestiona con eficacia un gran volumen de tr\u00e1fico a\u00e9reo nacional e internacional, conectando Essaouira con destinos clave de todo el mundo.<\/p>\t\t\t\t\t\t\t\t<\/div>\n\t\t\t\t<\/div>\n\t\t\t\t<div class=\"elementor-element elementor-element-e06f6f8 elementor-widget elementor-widget-heading\" data-id=\"e06f6f8\" data-element_type=\"widget\" data-e-type=\"widget\" data-widget_type=\"heading.default\">\n\t\t\t\t<div class=\"elementor-widget-container\">\n\t\t\t\t\t<h2 class=\"elementor-heading-title elementor-size-default\">Terminales<\/h2>\t\t\t\t<\/div>\n\t\t\t\t<\/div>\n\t\t\t\t<div class=\"elementor-element elementor-element-8d17cf3 elementor-widget elementor-widget-text-editor\" data-id=\"8d17cf3\" data-element_type=\"widget\" data-e-type=\"widget\" data-widget_type=\"text-editor.default\">\n\t\t\t\t<div class=\"elementor-widget-container\">\n\t\t\t\t\t\t\t\t\t<p>El aeropuerto de Essaouira (ESU) est\u00e1 equipado con un<a href=\"https:\/\/aeroport-essaouira.com\/es\/guide\/terminal\/\"> terminal \u00fanico<\/a> que gestiona todos los vuelos, tanto nacionales como internacionales. La terminal est\u00e1 dise\u00f1ada para gestionar eficazmente el flujo de pasajeros, ofreciendo servicios esenciales como mostradores de facturaci\u00f3n, recogida de equipajes, servicios de aduanas y diversas instalaciones para los viajeros. A pesar de su configuraci\u00f3n de terminal \u00fanica, el aeropuerto est\u00e1 perfectamente equipado para satisfacer las necesidades de los pasajeros que visitan Essaouira.<\/p>\t\t\t\t\t\t\t\t<\/div>\n\t\t\t\t<\/div>\n\t\t\t\t<div class=\"elementor-element elementor-element-06a34f8 elementor-widget elementor-widget-heading\" data-id=\"06a34f8\" data-element_type=\"widget\" data-e-type=\"widget\" data-widget_type=\"heading.default\">\n\t\t\t\t<div class=\"elementor-widget-container\">\n\t\t\t\t\t<h2 class=\"elementor-heading-title elementor-size-default\">Hoteles<\/h2>\t\t\t\t<\/div>\n\t\t\t\t<\/div>\n\t\t\t\t<div class=\"elementor-element elementor-element-338bc31 elementor-widget elementor-widget-text-editor\" data-id=\"338bc31\" data-element_type=\"widget\" data-e-type=\"widget\" data-widget_type=\"text-editor.default\">\n\t\t\t\t<div class=\"elementor-widget-container\">\n\t\t\t\t\t\t\t\t\t<p>Essaouira, animada ciudad de la costa atl\u00e1ntica occidental de Marruecos, es famosa por sus pintorescas playas y su agradable clima durante todo el a\u00f1o, y atrae a visitantes deseosos de experimentar tanto la aut\u00e9ntica cultura marroqu\u00ed como las modernas instalaciones. La ciudad ofrece una gran variedad de opciones<a href=\"https:\/\/aeroport-essaouira.com\/es\/guide\/hotels-essaouira\/\"> alojamiento<\/a> para todos los bolsillos. Los amantes del lujo pueden optar por establecimientos como <strong>L'Heure Bleue Palais o Le Medina Essaouira Thalassa Sea &amp; Spa<\/strong>El Riad Mimouna y el Riad Zahra ofrecen habitaciones elegantes, cocina gourmet y una ubicaci\u00f3n privilegiada frente al mar. Para los que dispongan de un presupuesto intermedio, opciones como Riad Mimouna y Riad Zahra ofrecen un excelente compromiso entre comodidad y proximidad al centro hist\u00f3rico. En cuanto a los viajeros con presupuesto reducido, establecimientos como el H\u00f4tel Al Arboussas o el Albergue Juvenil de Essaouira ofrecen un alojamiento sencillo y limpio, perfecto para quienes pasan los d\u00edas explorando la ciudad.<\/p>\t\t\t\t\t\t\t\t<\/div>\n\t\t\t\t<\/div>\n\t\t\t\t<div class=\"elementor-element elementor-element-104871e elementor-widget elementor-widget-heading\" data-id=\"104871e\" data-element_type=\"widget\" data-e-type=\"widget\" data-widget_type=\"heading.default\">\n\t\t\t\t<div class=\"elementor-widget-container\">\n\t\t\t\t\t<h2 class=\"elementor-heading-title elementor-size-default\">Aparcamiento\n<\/h2>\t\t\t\t<\/div>\n\t\t\t\t<\/div>\n\t\t\t\t<div class=\"elementor-element elementor-element-ca11a96 elementor-widget elementor-widget-text-editor\" data-id=\"ca11a96\" data-element_type=\"widget\" data-e-type=\"widget\" data-widget_type=\"text-editor.default\">\n\t\t\t\t<div class=\"elementor-widget-container\">\n\t\t\t\t\t\t\t\t\t<p>ESU ofrece excelentes instalaciones de aparcamiento para proporcionar una experiencia sin problemas a sus viajeros. Tanto a la llegada como a la salida, los pasajeros del aeropuerto principal de Essaouira pueden beneficiarse de varias opciones <a href=\"https:\/\/aeroport-essaouira.com\/es\/guide\/aparcamiento\/\">aparcamiento<\/a>. Estas opciones incluyen plazas de aparcamiento de corta y larga duraci\u00f3n, un c\u00f3modo servicio de aparcacoches, as\u00ed como zonas de entrega r\u00e1pida espec\u00edficamente dise\u00f1adas para Quick Drop-offs.<\/p>\t\t\t\t\t\t\t\t<\/div>\n\t\t\t\t<\/div>\n\t\t\t\t<div class=\"elementor-element elementor-element-dffa46d elementor-widget elementor-widget-heading\" data-id=\"dffa46d\" data-element_type=\"widget\" data-e-type=\"widget\" data-widget_type=\"heading.default\">\n\t\t\t\t<div class=\"elementor-widget-container\">\n\t\t\t\t\t<h2 class=\"elementor-heading-title elementor-size-default\">Escala en el aeropuerto<\/h2>\t\t\t\t<\/div>\n\t\t\t\t<\/div>\n\t\t\t\t<div class=\"elementor-element elementor-element-5ce7830 elementor-widget elementor-widget-text-editor\" data-id=\"5ce7830\" data-element_type=\"widget\" data-e-type=\"widget\" data-widget_type=\"text-editor.default\">\n\t\t\t\t<div class=\"elementor-widget-container\">\n\t\t\t\t\t\t\t\t\t<p>Durante un <a href=\"https:\/\/aeroport-essaouira.com\/es\/guide\/escale\/\">escala en el aeropuerto de Essaouira Mogador<\/a>En el aeropuerto, los viajeros pueden disfrutar de una serie de instalaciones dise\u00f1adas para garantizar su comodidad y conveniencia. El aeropuerto ofrece varias zonas de descanso donde los pasajeros pueden relajarse, acceder a Wi-Fi gratuito y disfrutar de refrescos. Las opciones gastron\u00f3micas incluyen cafeter\u00edas que sirven platos locales marroqu\u00edes, as\u00ed como restaurantes internacionales de comida r\u00e1pida, que ofrecen una variedad de opciones para todos los gustos. Los amantes de las compras pueden explorar las tiendas libres de impuestos, donde encontrar\u00e1n una selecci\u00f3n de art\u00edculos que van desde art\u00edculos de lujo a art\u00edculos de viaje. Tambi\u00e9n hay mostradores de atenci\u00f3n al cliente que ofrecen informaci\u00f3n y asistencia sobre el estado de los vuelos y los servicios aeroportuarios.<\/p>\t\t\t\t\t\t\t\t<\/div>\n\t\t\t\t<\/div>\n\t\t\t\t\t<\/div>\n\t\t<\/div>\n\t\t\t\t<div class=\"elementor-column elementor-col-50 elementor-top-column elementor-element elementor-element-4a007f14\" data-id=\"4a007f14\" data-element_type=\"column\" data-e-type=\"column\" data-settings=\"{&quot;background_background&quot;:&quot;classic&quot;}\">\n\t\t\t<div class=\"elementor-widget-wrap\">\n\t\t\t\t\t\t\t<\/div>\n\t\t<\/div>\n\t\t\t\t\t<\/div>\n\t\t<\/section>\n\t\t\t\t<section class=\"elementor-section elementor-top-section elementor-element elementor-element-bee2376 elementor-section-content-middle elementor-section-boxed elementor-section-height-default elementor-section-height-default\" data-id=\"bee2376\" data-element_type=\"section\" data-e-type=\"section\" data-settings=\"{&quot;background_background&quot;:&quot;classic&quot;}\">\n\t\t\t\t\t\t<div class=\"elementor-container elementor-column-gap-default\">\n\t\t\t\t\t<div class=\"elementor-column elementor-col-33 elementor-top-column elementor-element elementor-element-da91176\" data-id=\"da91176\" data-element_type=\"column\" data-e-type=\"column\">\n\t\t\t<div class=\"elementor-widget-wrap elementor-element-populated\">\n\t\t\t\t\t\t<div class=\"elementor-element elementor-element-4479cef elementor-view-default elementor-widget elementor-widget-icon\" data-id=\"4479cef\" data-element_type=\"widget\" data-e-type=\"widget\" data-widget_type=\"icon.default\">\n\t\t\t\t<div class=\"elementor-widget-container\">\n\t\t\t\t\t\t\t<div class=\"elementor-icon-wrapper\">\n\t\t\t<div class=\"elementor-icon\">\n\t\t\t<svg aria-hidden=\"true\" class=\"e-font-icon-svg e-fas-plane\" viewbox=\"0 0 576 512\" xmlns=\"http:\/\/www.w3.org\/2000\/svg\"><path d=\"M480 192H365.71L260.61 8.06A16.014 16.014 0 0 0 246.71 0h-65.5c-10.63 0-18.3 10.17-15.38 20.39L214.86 192H112l-43.2-57.6c-3.02-4.03-7.77-6.4-12.8-6.4H16.01C5.6 128-2.04 137.78.49 147.88L32 256 .49 364.12C-2.04 374.22 5.6 384 16.01 384H56c5.04 0 9.78-2.37 12.8-6.4L112 320h102.86l-49.03 171.6c-2.92 10.22 4.75 20.4 15.38 20.4h65.5c5.74 0 11.04-3.08 13.89-8.06L365.71 320H480c35.35 0 96-28.65 96-64s-60.65-64-96-64z\"><\/path><\/svg>\t\t\t<\/div>\n\t\t<\/div>\n\t\t\t\t\t\t<\/div>\n\t\t\t\t<\/div>\n\t\t\t\t<div class=\"elementor-element elementor-element-498d80e elementor-widget elementor-widget-heading\" data-id=\"498d80e\" data-element_type=\"widget\" data-e-type=\"widget\" data-widget_type=\"heading.default\">\n\t\t\t\t<div class=\"elementor-widget-container\">\n\t\t\t\t\t<div class=\"elementor-heading-title elementor-size-default\">1.706 vuelos\n\n<\/div>\t\t\t\t<\/div>\n\t\t\t\t<\/div>\n\t\t\t\t<div class=\"elementor-element elementor-element-5c3b7c6 elementor-widget elementor-widget-text-editor\" data-id=\"5c3b7c6\" data-element_type=\"widget\" data-e-type=\"widget\" data-widget_type=\"text-editor.default\">\n\t\t\t\t<div class=\"elementor-widget-container\">\n\t\t\t\t\t\t\t\t\t<p>Operaciones de vuelo<\/p>\t\t\t\t\t\t\t\t<\/div>\n\t\t\t\t<\/div>\n\t\t\t\t\t<\/div>\n\t\t<\/div>\n\t\t\t\t<div class=\"elementor-column elementor-col-33 elementor-top-column elementor-element elementor-element-8c89132\" data-id=\"8c89132\" data-element_type=\"column\" data-e-type=\"column\">\n\t\t\t<div class=\"elementor-widget-wrap elementor-element-populated\">\n\t\t\t\t\t\t<div class=\"elementor-element elementor-element-b6377cf elementor-view-default elementor-widget elementor-widget-icon\" data-id=\"b6377cf\" data-element_type=\"widget\" data-e-type=\"widget\" data-widget_type=\"icon.default\">\n\t\t\t\t<div class=\"elementor-widget-container\">\n\t\t\t\t\t\t\t<div class=\"elementor-icon-wrapper\">\n\t\t\t<div class=\"elementor-icon\">\n\t\t\t<svg aria-hidden=\"true\" class=\"e-font-icon-svg e-fas-globe\" viewbox=\"0 0 496 512\" xmlns=\"http:\/\/www.w3.org\/2000\/svg\"><path d=\"M336.5 160C322 70.7 287.8 8 248 8s-74 62.7-88.5 152h177zM152 256c0 22.2 1.2 43.5 3.3 64h185.3c2.1-20.5 3.3-41.8 3.3-64s-1.2-43.5-3.3-64H155.3c-2.1 20.5-3.3 41.8-3.3 64zm324.7-96c-28.6-67.9-86.5-120.4-158-141.6 24.4 33.8 41.2 84.7 50 141.6h108zM177.2 18.4C105.8 39.6 47.8 92.1 19.3 160h108c8.7-56.9 25.5-107.8 49.9-141.6zM487.4 192H372.7c2.1 21 3.3 42.5 3.3 64s-1.2 43-3.3 64h114.6c5.5-20.5 8.6-41.8 8.6-64s-3.1-43.5-8.5-64zM120 256c0-21.5 1.2-43 3.3-64H8.6C3.2 212.5 0 233.8 0 256s3.2 43.5 8.6 64h114.6c-2-21-3.2-42.5-3.2-64zm39.5 96c14.5 89.3 48.7 152 88.5 152s74-62.7 88.5-152h-177zm159.3 141.6c71.4-21.2 129.4-73.7 158-141.6h-108c-8.8 56.9-25.6 107.8-50 141.6zM19.3 352c28.6 67.9 86.5 120.4 158 141.6-24.4-33.8-41.2-84.7-50-141.6h-108z\"><\/path><\/svg>\t\t\t<\/div>\n\t\t<\/div>\n\t\t\t\t\t\t<\/div>\n\t\t\t\t<\/div>\n\t\t\t\t<div class=\"elementor-element elementor-element-09349c6 elementor-widget elementor-widget-heading\" data-id=\"09349c6\" data-element_type=\"widget\" data-e-type=\"widget\" data-widget_type=\"heading.default\">\n\t\t\t\t<div class=\"elementor-widget-container\">\n\t\t\t\t\t<div class=\"elementor-heading-title elementor-size-default\">1 mill\u00f3n\n<\/div>\t\t\t\t<\/div>\n\t\t\t\t<\/div>\n\t\t\t\t<div class=\"elementor-element elementor-element-46d39ff elementor-widget elementor-widget-text-editor\" data-id=\"46d39ff\" data-element_type=\"widget\" data-e-type=\"widget\" data-widget_type=\"text-editor.default\">\n\t\t\t\t<div class=\"elementor-widget-container\">\n\t\t\t\t\t\t\t\t\t<p>Tr\u00e1fico anual de pasajeros<\/p>\t\t\t\t\t\t\t\t<\/div>\n\t\t\t\t<\/div>\n\t\t\t\t\t<\/div>\n\t\t<\/div>\n\t\t\t\t<div class=\"elementor-column elementor-col-33 elementor-top-column elementor-element elementor-element-cbb6c94\" data-id=\"cbb6c94\" data-element_type=\"column\" data-e-type=\"column\">\n\t\t\t<div class=\"elementor-widget-wrap elementor-element-populated\">\n\t\t\t\t\t\t<div class=\"elementor-element elementor-element-f59b7a3 elementor-view-default elementor-widget elementor-widget-icon\" data-id=\"f59b7a3\" data-element_type=\"widget\" data-e-type=\"widget\" data-widget_type=\"icon.default\">\n\t\t\t\t<div class=\"elementor-widget-container\">\n\t\t\t\t\t\t\t<div class=\"elementor-icon-wrapper\">\n\t\t\t<div class=\"elementor-icon\">\n\t\t\t<svg aria-hidden=\"true\" class=\"e-font-icon-svg e-far-address-book\" viewbox=\"0 0 448 512\" xmlns=\"http:\/\/www.w3.org\/2000\/svg\"><path d=\"M436 160c6.6 0 12-5.4 12-12v-40c0-6.6-5.4-12-12-12h-20V48c0-26.5-21.5-48-48-48H48C21.5 0 0 21.5 0 48v416c0 26.5 21.5 48 48 48h320c26.5 0 48-21.5 48-48v-48h20c6.6 0 12-5.4 12-12v-40c0-6.6-5.4-12-12-12h-20v-64h20c6.6 0 12-5.4 12-12v-40c0-6.6-5.4-12-12-12h-20v-64h20zm-68 304H48V48h320v416zM208 256c35.3 0 64-28.7 64-64s-28.7-64-64-64-64 28.7-64 64 28.7 64 64 64zm-89.6 128h179.2c12.4 0 22.4-8.6 22.4-19.2v-19.2c0-31.8-30.1-57.6-67.2-57.6-10.8 0-18.7 8-44.8 8-26.9 0-33.4-8-44.8-8-37.1 0-67.2 25.8-67.2 57.6v19.2c0 10.6 10 19.2 22.4 19.2z\"><\/path><\/svg>\t\t\t<\/div>\n\t\t<\/div>\n\t\t\t\t\t\t<\/div>\n\t\t\t\t<\/div>\n\t\t\t\t<div class=\"elementor-element elementor-element-4c7228e elementor-widget elementor-widget-heading\" data-id=\"4c7228e\" data-element_type=\"widget\" data-e-type=\"widget\" data-widget_type=\"heading.default\">\n\t\t\t\t<div class=\"elementor-widget-container\">\n\t\t\t\t\t<div class=\"elementor-heading-title elementor-size-default\">202.762 pasajeros\n\n<\/div>\t\t\t\t<\/div>\n\t\t\t\t<\/div>\n\t\t\t\t<div class=\"elementor-element elementor-element-fd78028 elementor-widget elementor-widget-text-editor\" data-id=\"fd78028\" data-element_type=\"widget\" data-e-type=\"widget\" data-widget_type=\"text-editor.default\">\n\t\t\t\t<div class=\"elementor-widget-container\">\n\t\t\t\t\t\t\t\t\t<p>Cifras mensuales de pasajeros<\/p>\t\t\t\t\t\t\t\t<\/div>\n\t\t\t\t<\/div>\n\t\t\t\t\t<\/div>\n\t\t<\/div>\n\t\t\t\t\t<\/div>\n\t\t<\/section>\n\t\t\t\t<\/div>","protected":false},"excerpt":{"rendered":"<p>Guide de l&rsquo;a\u00e9roport d&rsquo;Essaouira Informations et conseils utiles sur l\u2019a\u00e9roport Essaouira A\u00e9roport Essaouira Mogador\u00a0 &gt; Guide Informations G\u00e9n\u00e9rales Sur L&rsquo;a\u00e9roport L&rsquo;a\u00e9roport d&rsquo;Essaouira Mogador, souvent d\u00e9sign\u00e9 comme l&rsquo;a\u00e9roport d&rsquo;Essaouira, est la principale porte d&rsquo;entr\u00e9e de la ville d&rsquo;Essaouira, situ\u00e9e sur la c\u00f4te ouest du Maroc. \u00c0 environ 15 kilom\u00e8tres du centre-ville, il s&rsquo;\u00e9tend sur une superficie [&hellip;]<\/p>\n","protected":false},"author":1,"featured_media":0,"parent":0,"menu_order":0,"comment_status":"closed","ping_status":"closed","template":"","meta":{"footnotes":""},"class_list":["post-123","page","type-page","status-publish","hentry"],"_links":{"self":[{"href":"https:\/\/aeroport-essaouira.com\/es\/wp-json\/wp\/v2\/pages\/123","targetHints":{"allow":["GET"]}}],"collection":[{"href":"https:\/\/aeroport-essaouira.com\/es\/wp-json\/wp\/v2\/pages"}],"about":[{"href":"https:\/\/aeroport-essaouira.com\/es\/wp-json\/wp\/v2\/types\/page"}],"author":[{"embeddable":true,"href":"https:\/\/aeroport-essaouira.com\/es\/wp-json\/wp\/v2\/users\/1"}],"replies":[{"embeddable":true,"href":"https:\/\/aeroport-essaouira.com\/es\/wp-json\/wp\/v2\/comments?post=123"}],"version-history":[{"count":7,"href":"https:\/\/aeroport-essaouira.com\/es\/wp-json\/wp\/v2\/pages\/123\/revisions"}],"predecessor-version":[{"id":289,"href":"https:\/\/aeroport-essaouira.com\/es\/wp-json\/wp\/v2\/pages\/123\/revisions\/289"}],"wp:attachment":[{"href":"https:\/\/aeroport-essaouira.com\/es\/wp-json\/wp\/v2\/media?parent=123"}],"curies":[{"name":"wp","href":"https:\/\/api.w.org\/{rel}","templated":true}]}}