{"id":187,"date":"2024-09-09T18:54:03","date_gmt":"2024-09-09T18:54:03","guid":{"rendered":"https:\/\/aeroport-essaouira.com\/?page_id=187"},"modified":"2024-09-10T13:08:19","modified_gmt":"2024-09-10T13:08:19","slug":"escale","status":"publish","type":"page","link":"https:\/\/aeroport-essaouira.com\/es\/guide\/escale\/","title":{"rendered":"Escala en el aeropuerto de Essaouira"},"content":{"rendered":"<div data-elementor-type=\"wp-page\" data-elementor-id=\"187\" class=\"elementor elementor-187\" data-elementor-post-type=\"page\">\n\t\t\t\t<div class=\"elementor-element elementor-element-e193fce e-flex e-con-boxed e-con e-parent\" data-id=\"e193fce\" data-element_type=\"container\" data-e-type=\"container\" data-settings=\"{&quot;background_background&quot;:&quot;classic&quot;}\">\n\t\t\t\t\t<div class=\"e-con-inner\">\n\t\t\t\t<div class=\"elementor-element elementor-element-2eb92ea elementor-widget elementor-widget-heading\" data-id=\"2eb92ea\" data-element_type=\"widget\" data-e-type=\"widget\" data-widget_type=\"heading.default\">\n\t\t\t\t<div class=\"elementor-widget-container\">\n\t\t\t\t\t<h1 class=\"elementor-heading-title elementor-size-default\">Escala en el aeropuerto de Essaouira\n<\/h1>\t\t\t\t<\/div>\n\t\t\t\t<\/div>\n\t\t\t\t<div class=\"elementor-element elementor-element-aa4db69 elementor-widget elementor-widget-heading\" data-id=\"aa4db69\" data-element_type=\"widget\" data-e-type=\"widget\" data-widget_type=\"heading.default\">\n\t\t\t\t<div class=\"elementor-widget-container\">\n\t\t\t\t\t<p class=\"elementor-heading-title elementor-size-default\">Qu\u00e9 hacer y consejos \u00fatiles para su escala en el aeropuerto de Essaouira\n\n<\/p>\t\t\t\t<\/div>\n\t\t\t\t<\/div>\n\t\t\t\t\t<\/div>\n\t\t\t\t<\/div>\n\t\t\t\t<section class=\"elementor-section elementor-top-section elementor-element elementor-element-1790b1a3 elementor-section-content-middle elementor-section-boxed elementor-section-height-default elementor-section-height-default\" data-id=\"1790b1a3\" data-element_type=\"section\" data-e-type=\"section\" data-settings=\"{&quot;background_background&quot;:&quot;classic&quot;}\">\n\t\t\t\t\t\t<div class=\"elementor-container elementor-column-gap-default\">\n\t\t\t\t\t<div class=\"elementor-column elementor-col-50 elementor-top-column elementor-element elementor-element-71aab1a5\" data-id=\"71aab1a5\" data-element_type=\"column\" data-e-type=\"column\">\n\t\t\t<div class=\"elementor-widget-wrap elementor-element-populated\">\n\t\t\t\t\t\t<div class=\"elementor-element elementor-element-719155e elementor-widget elementor-widget-text-editor\" data-id=\"719155e\" data-element_type=\"widget\" data-e-type=\"widget\" data-widget_type=\"text-editor.default\">\n\t\t\t\t<div class=\"elementor-widget-container\">\n\t\t\t\t\t\t\t\t\t<p><a href=\"https:\/\/aeroport-essaouira.com\/es\/\">Aeropuerto de Essaouira Mogador<\/a>\u00a0 &gt; <strong>Escala en el aeropuerto<\/strong><\/p>\t\t\t\t\t\t\t\t<\/div>\n\t\t\t\t<\/div>\n\t\t\t\t<div class=\"elementor-element elementor-element-4b541d87 elementor-widget elementor-widget-heading\" data-id=\"4b541d87\" data-element_type=\"widget\" data-e-type=\"widget\" data-widget_type=\"heading.default\">\n\t\t\t\t<div class=\"elementor-widget-container\">\n\t\t\t\t\t<h2 class=\"elementor-heading-title elementor-size-default\">Escala en el aeropuerto de Essaouira Mogador (ESU)\n<\/h2>\t\t\t\t<\/div>\n\t\t\t\t<\/div>\n\t\t\t\t<div class=\"elementor-element elementor-element-6166de31 elementor-widget elementor-widget-text-editor\" data-id=\"6166de31\" data-element_type=\"widget\" data-e-type=\"widget\" data-widget_type=\"text-editor.default\">\n\t\t\t\t<div class=\"elementor-widget-container\">\n\t\t\t\t\t\t\t\t\t<p>Si hace escala en el aeropuerto de Essaouira Mogador, apreciar\u00e1 las sencillas y acogedoras instalaciones dise\u00f1adas para que su espera sea agradable y c\u00f3moda. Como puerta de entrada a la encantadora ciudad de Essaouira y sus alrededores, el aeropuerto cuenta con varias cafeter\u00edas donde podr\u00e1 disfrutar de un tentempi\u00e9 o una bebida. Tambi\u00e9n dispone de una tienda libre de impuestos para compras de \u00faltima hora o recuerdos. Gracias a su modesto tama\u00f1o, todas las instalaciones se encuentran a poca distancia a pie, por lo que su escala en el aeropuerto de Essaouira ser\u00e1 f\u00e1cil y agradable.<\/p>\t\t\t\t\t\t\t\t<\/div>\n\t\t\t\t<\/div>\n\t\t\t\t<div class=\"elementor-element elementor-element-e06f6f8 elementor-widget elementor-widget-heading\" data-id=\"e06f6f8\" data-element_type=\"widget\" data-e-type=\"widget\" data-widget_type=\"heading.default\">\n\t\t\t\t<div class=\"elementor-widget-container\">\n\t\t\t\t\t<h2 class=\"elementor-heading-title elementor-size-default\">5 formas de pasar una corta escala en el aeropuerto de Essaouira\n<\/h2>\t\t\t\t<\/div>\n\t\t\t\t<\/div>\n\t\t\t\t<div class=\"elementor-element elementor-element-e52c5d6 elementor-widget elementor-widget-image\" data-id=\"e52c5d6\" data-element_type=\"widget\" data-e-type=\"widget\" data-widget_type=\"image.default\">\n\t\t\t\t<div class=\"elementor-widget-container\">\n\t\t\t\t\t\t\t\t\t\t\t\t\t\t\t<img fetchpriority=\"high\" decoding=\"async\" width=\"800\" height=\"600\" src=\"https:\/\/aeroport-essaouira.com\/wp-content\/uploads\/2024\/09\/airport-1024x768.jpg\" class=\"attachment-large size-large wp-image-84\" alt=\"aeropuerto\" srcset=\"https:\/\/aeroport-essaouira.com\/wp-content\/uploads\/2024\/09\/airport-1024x768.jpg 1024w, https:\/\/aeroport-essaouira.com\/wp-content\/uploads\/2024\/09\/airport-300x225.jpg 300w, https:\/\/aeroport-essaouira.com\/wp-content\/uploads\/2024\/09\/airport-768x576.jpg 768w, https:\/\/aeroport-essaouira.com\/wp-content\/uploads\/2024\/09\/airport.jpg 1360w\" sizes=\"(max-width: 800px) 100vw, 800px\" \/>\t\t\t\t\t\t\t\t\t\t\t\t\t\t\t<\/div>\n\t\t\t\t<\/div>\n\t\t\t\t<div class=\"elementor-element elementor-element-8d17cf3 elementor-widget elementor-widget-text-editor\" data-id=\"8d17cf3\" data-element_type=\"widget\" data-e-type=\"widget\" data-widget_type=\"text-editor.default\">\n\t\t\t\t<div class=\"elementor-widget-container\">\n\t\t\t\t\t\t\t\t\t<p>Cuando se encuentre en tr\u00e1nsito en el aeropuerto de Essaouira Mogador, aunque s\u00f3lo disponga de unas horas, puede aprovechar al m\u00e1ximo su descanso sin salir de la terminal. He aqu\u00ed cinco maneras de convertir una breve escala en Essaouira en un momento agradable y relajante.<\/p><ol><li><p><strong>Aproveche las zonas de descanso<\/strong><br \/>Aunque el aeropuerto de Essaouira es m\u00e1s peque\u00f1o, ofrece c\u00f3modas zonas donde relajarse antes de su pr\u00f3ximo vuelo. Tome asiento, disfrute de la tranquilidad y prep\u00e1rese para el resto del viaje.<\/p><\/li><li><p><strong>Saborear la cocina marroqu\u00ed<\/strong><br \/>Pruebe los sabores locales en los caf\u00e9s del aeropuerto. Podr\u00e1 degustar platos marroqu\u00edes como el tagine o el cusc\u00fas, ideales para una comida r\u00e1pida pero aut\u00e9ntica antes de seguir su camino.<\/p><\/li><li><p><strong>Compras libres de impuestos<\/strong><br \/>El aeropuerto cuenta con una tienda libre de impuestos, perfecta para comprar recuerdos o productos locales como especias, aceite de arg\u00e1n o incluso artesan\u00eda. Tambi\u00e9n encontrar\u00e1 productos internacionales a buen precio.<\/p><\/li><li><p><strong>Utilice el Wi-Fi para organizar el resto de su viaje<\/strong><br \/>El aeropuerto ofrece acceso Wi-Fi gratuito. Aproveche para planificar su itinerario, consultar su correo electr\u00f3nico u organizar sus pr\u00f3ximas reservas antes de partir hacia su destino final.<\/p><\/li><li><p><strong>Admire la artesan\u00eda local<\/strong><br \/>A veces, en los aeropuertos se exponen obras de arte o artesan\u00eda t\u00edpicas de la regi\u00f3n. T\u00f3mese un momento para apreciar estas piezas y descubrir un atisbo de la rica cultura artesanal de Essaouira, famosa por sus objetos de madera y su arte \u00fanico.<\/p><\/li><\/ol>\t\t\t\t\t\t\t\t<\/div>\n\t\t\t\t<\/div>\n\t\t\t\t<div class=\"elementor-element elementor-element-06a34f8 elementor-widget elementor-widget-heading\" data-id=\"06a34f8\" data-element_type=\"widget\" data-e-type=\"widget\" data-widget_type=\"heading.default\">\n\t\t\t\t<div class=\"elementor-widget-container\">\n\t\t\t\t\t<h2 class=\"elementor-heading-title elementor-size-default\">Si tiene una escala larga, no pierda tiempo y dir\u00edjase a Essaouira.\n\n<\/h2>\t\t\t\t<\/div>\n\t\t\t\t<\/div>\n\t\t\t\t<div class=\"elementor-element elementor-element-ca11a96 elementor-widget elementor-widget-text-editor\" data-id=\"ca11a96\" data-element_type=\"widget\" data-e-type=\"widget\" data-widget_type=\"text-editor.default\">\n\t\t\t\t<div class=\"elementor-widget-container\">\n\t\t\t\t\t\t\t\t\t<p>\u00bfTiene una escala larga en el aeropuerto de Essaouira Mogador? Es la ocasi\u00f3n perfecta para salir del aeropuerto y descubrir Essaouira, aunque s\u00f3lo sea durante unas horas. Aqu\u00ed le explicamos c\u00f3mo aprovechar al m\u00e1ximo su tiempo y sacar el m\u00e1ximo partido a esta escapada improvisada.<\/p><ol><li><p><strong>Planificar con antelaci\u00f3n<\/strong><br \/>Antes de salir del aeropuerto, compruebe los horarios de su vuelo y aseg\u00farese de que puede salir sin problemas, sobre todo en lo que respecta a los requisitos de visado. Despu\u00e9s, planifica un itinerario para aprovechar al m\u00e1ximo cada minuto de tu escala.<\/p><\/li><li><p><strong>Visitar la Medina de Essaouira<\/strong><br \/>Patrimonio de la Humanidad por la UNESCO, la medina est\u00e1 a unos 20 minutos del aeropuerto. Recorra sus pintorescas calles, admire las casas encaladas y descubra las tiendas de los artesanos locales. Es el lugar ideal para comprar recuerdos \u00fanicos, como aceite de arg\u00e1n u objetos de madera de cedro.<\/p><\/li><li><p><strong>Descubrir el puerto de Essaouira<\/strong><br \/>El pintoresco puerto es uno de los puntos de referencia de la ciudad. T\u00f3mese su tiempo para ver a los pescadores locales regresar con la pesca del d\u00eda y disfrute de la vista de las fortificaciones hist\u00f3ricas que dominan el oc\u00e9ano.<\/p><\/li><li><p><strong>Disfrute de las playas de Essaouira<\/strong><br \/>Si el tiempo lo permite, dir\u00edjase a la playa de Essaouira, conocida por sus vientos constantes, ideales para practicar kitesurf o windsurf. Incluso un corto paseo por la playa le permitir\u00e1 relajarse y respirar el aire marino.<\/p><\/li><li><p><strong>Explorar el zoco de la medina<\/strong><br \/>El zoco de Essaouira est\u00e1 repleto de productos locales, alfombras, joyas y ropa tradicional. Sum\u00e9rjase en el ambiente local, descubra la artesan\u00eda marroqu\u00ed y pruebe la reposter\u00eda local, como los cuernos de gacela.<\/p><\/li><li><p><strong>Saboree la cocina local<\/strong><br \/>Essaouira es famosa por su marisco fresco. Aproveche su escala para degustar un delicioso tagine de pescado o sardinas a la parrilla en uno de los restaurantes de la orilla del mar.<\/p><\/li><li><p><strong>Admire las murallas y la Skala<\/strong><br \/>Las murallas de Essaouira ofrecen una vista impresionante del oc\u00e9ano Atl\u00e1ntico. Pasee por la Skala para apreciar la belleza arquitect\u00f3nica de estas fortificaciones mientras disfruta de la brisa marina.<\/p><\/li><\/ol><p>No deje que una larga escala le confine en el aeropuerto. Essaouira est\u00e1 llena de tesoros que merecen ser descubiertos. Aproveche estas horas para explorar esta ciudad m\u00e1gica.<\/p>\t\t\t\t\t\t\t\t<\/div>\n\t\t\t\t<\/div>\n\t\t\t\t\t<\/div>\n\t\t<\/div>\n\t\t\t\t<div class=\"elementor-column elementor-col-50 elementor-top-column elementor-element elementor-element-4a007f14\" data-id=\"4a007f14\" data-element_type=\"column\" data-e-type=\"column\" data-settings=\"{&quot;background_background&quot;:&quot;classic&quot;}\">\n\t\t\t<div class=\"elementor-widget-wrap\">\n\t\t\t\t\t\t\t<\/div>\n\t\t<\/div>\n\t\t\t\t\t<\/div>\n\t\t<\/section>\n\t\t\t\t<section class=\"elementor-section elementor-top-section elementor-element elementor-element-bee2376 elementor-section-content-middle elementor-section-boxed elementor-section-height-default elementor-section-height-default\" data-id=\"bee2376\" data-element_type=\"section\" data-e-type=\"section\" data-settings=\"{&quot;background_background&quot;:&quot;classic&quot;}\">\n\t\t\t\t\t\t<div class=\"elementor-container elementor-column-gap-default\">\n\t\t\t\t\t<div class=\"elementor-column elementor-col-33 elementor-top-column elementor-element elementor-element-da91176\" data-id=\"da91176\" data-element_type=\"column\" data-e-type=\"column\">\n\t\t\t<div class=\"elementor-widget-wrap elementor-element-populated\">\n\t\t\t\t\t\t<div class=\"elementor-element elementor-element-4479cef elementor-view-default elementor-widget elementor-widget-icon\" data-id=\"4479cef\" data-element_type=\"widget\" data-e-type=\"widget\" data-widget_type=\"icon.default\">\n\t\t\t\t<div class=\"elementor-widget-container\">\n\t\t\t\t\t\t\t<div class=\"elementor-icon-wrapper\">\n\t\t\t<div class=\"elementor-icon\">\n\t\t\t<svg aria-hidden=\"true\" class=\"e-font-icon-svg e-fas-plane\" viewbox=\"0 0 576 512\" xmlns=\"http:\/\/www.w3.org\/2000\/svg\"><path d=\"M480 192H365.71L260.61 8.06A16.014 16.014 0 0 0 246.71 0h-65.5c-10.63 0-18.3 10.17-15.38 20.39L214.86 192H112l-43.2-57.6c-3.02-4.03-7.77-6.4-12.8-6.4H16.01C5.6 128-2.04 137.78.49 147.88L32 256 .49 364.12C-2.04 374.22 5.6 384 16.01 384H56c5.04 0 9.78-2.37 12.8-6.4L112 320h102.86l-49.03 171.6c-2.92 10.22 4.75 20.4 15.38 20.4h65.5c5.74 0 11.04-3.08 13.89-8.06L365.71 320H480c35.35 0 96-28.65 96-64s-60.65-64-96-64z\"><\/path><\/svg>\t\t\t<\/div>\n\t\t<\/div>\n\t\t\t\t\t\t<\/div>\n\t\t\t\t<\/div>\n\t\t\t\t<div class=\"elementor-element elementor-element-498d80e elementor-widget elementor-widget-heading\" data-id=\"498d80e\" data-element_type=\"widget\" data-e-type=\"widget\" data-widget_type=\"heading.default\">\n\t\t\t\t<div class=\"elementor-widget-container\">\n\t\t\t\t\t<div class=\"elementor-heading-title elementor-size-default\">1.706 vuelos\n\n<\/div>\t\t\t\t<\/div>\n\t\t\t\t<\/div>\n\t\t\t\t<div class=\"elementor-element elementor-element-5c3b7c6 elementor-widget elementor-widget-text-editor\" data-id=\"5c3b7c6\" data-element_type=\"widget\" data-e-type=\"widget\" data-widget_type=\"text-editor.default\">\n\t\t\t\t<div class=\"elementor-widget-container\">\n\t\t\t\t\t\t\t\t\t<p>Operaciones de vuelo<\/p>\t\t\t\t\t\t\t\t<\/div>\n\t\t\t\t<\/div>\n\t\t\t\t\t<\/div>\n\t\t<\/div>\n\t\t\t\t<div class=\"elementor-column elementor-col-33 elementor-top-column elementor-element elementor-element-8c89132\" data-id=\"8c89132\" data-element_type=\"column\" data-e-type=\"column\">\n\t\t\t<div class=\"elementor-widget-wrap elementor-element-populated\">\n\t\t\t\t\t\t<div class=\"elementor-element elementor-element-b6377cf elementor-view-default elementor-widget elementor-widget-icon\" data-id=\"b6377cf\" data-element_type=\"widget\" data-e-type=\"widget\" data-widget_type=\"icon.default\">\n\t\t\t\t<div class=\"elementor-widget-container\">\n\t\t\t\t\t\t\t<div class=\"elementor-icon-wrapper\">\n\t\t\t<div class=\"elementor-icon\">\n\t\t\t<svg aria-hidden=\"true\" class=\"e-font-icon-svg e-fas-globe\" viewbox=\"0 0 496 512\" xmlns=\"http:\/\/www.w3.org\/2000\/svg\"><path d=\"M336.5 160C322 70.7 287.8 8 248 8s-74 62.7-88.5 152h177zM152 256c0 22.2 1.2 43.5 3.3 64h185.3c2.1-20.5 3.3-41.8 3.3-64s-1.2-43.5-3.3-64H155.3c-2.1 20.5-3.3 41.8-3.3 64zm324.7-96c-28.6-67.9-86.5-120.4-158-141.6 24.4 33.8 41.2 84.7 50 141.6h108zM177.2 18.4C105.8 39.6 47.8 92.1 19.3 160h108c8.7-56.9 25.5-107.8 49.9-141.6zM487.4 192H372.7c2.1 21 3.3 42.5 3.3 64s-1.2 43-3.3 64h114.6c5.5-20.5 8.6-41.8 8.6-64s-3.1-43.5-8.5-64zM120 256c0-21.5 1.2-43 3.3-64H8.6C3.2 212.5 0 233.8 0 256s3.2 43.5 8.6 64h114.6c-2-21-3.2-42.5-3.2-64zm39.5 96c14.5 89.3 48.7 152 88.5 152s74-62.7 88.5-152h-177zm159.3 141.6c71.4-21.2 129.4-73.7 158-141.6h-108c-8.8 56.9-25.6 107.8-50 141.6zM19.3 352c28.6 67.9 86.5 120.4 158 141.6-24.4-33.8-41.2-84.7-50-141.6h-108z\"><\/path><\/svg>\t\t\t<\/div>\n\t\t<\/div>\n\t\t\t\t\t\t<\/div>\n\t\t\t\t<\/div>\n\t\t\t\t<div class=\"elementor-element elementor-element-09349c6 elementor-widget elementor-widget-heading\" data-id=\"09349c6\" data-element_type=\"widget\" data-e-type=\"widget\" data-widget_type=\"heading.default\">\n\t\t\t\t<div class=\"elementor-widget-container\">\n\t\t\t\t\t<div class=\"elementor-heading-title elementor-size-default\">1 mill\u00f3n\n<\/div>\t\t\t\t<\/div>\n\t\t\t\t<\/div>\n\t\t\t\t<div class=\"elementor-element elementor-element-46d39ff elementor-widget elementor-widget-text-editor\" data-id=\"46d39ff\" data-element_type=\"widget\" data-e-type=\"widget\" data-widget_type=\"text-editor.default\">\n\t\t\t\t<div class=\"elementor-widget-container\">\n\t\t\t\t\t\t\t\t\t<p>Tr\u00e1fico anual de pasajeros<\/p>\t\t\t\t\t\t\t\t<\/div>\n\t\t\t\t<\/div>\n\t\t\t\t\t<\/div>\n\t\t<\/div>\n\t\t\t\t<div class=\"elementor-column elementor-col-33 elementor-top-column elementor-element elementor-element-cbb6c94\" data-id=\"cbb6c94\" data-element_type=\"column\" data-e-type=\"column\">\n\t\t\t<div class=\"elementor-widget-wrap elementor-element-populated\">\n\t\t\t\t\t\t<div class=\"elementor-element elementor-element-f59b7a3 elementor-view-default elementor-widget elementor-widget-icon\" data-id=\"f59b7a3\" data-element_type=\"widget\" data-e-type=\"widget\" data-widget_type=\"icon.default\">\n\t\t\t\t<div class=\"elementor-widget-container\">\n\t\t\t\t\t\t\t<div class=\"elementor-icon-wrapper\">\n\t\t\t<div class=\"elementor-icon\">\n\t\t\t<svg aria-hidden=\"true\" class=\"e-font-icon-svg e-far-address-book\" viewbox=\"0 0 448 512\" xmlns=\"http:\/\/www.w3.org\/2000\/svg\"><path d=\"M436 160c6.6 0 12-5.4 12-12v-40c0-6.6-5.4-12-12-12h-20V48c0-26.5-21.5-48-48-48H48C21.5 0 0 21.5 0 48v416c0 26.5 21.5 48 48 48h320c26.5 0 48-21.5 48-48v-48h20c6.6 0 12-5.4 12-12v-40c0-6.6-5.4-12-12-12h-20v-64h20c6.6 0 12-5.4 12-12v-40c0-6.6-5.4-12-12-12h-20v-64h20zm-68 304H48V48h320v416zM208 256c35.3 0 64-28.7 64-64s-28.7-64-64-64-64 28.7-64 64 28.7 64 64 64zm-89.6 128h179.2c12.4 0 22.4-8.6 22.4-19.2v-19.2c0-31.8-30.1-57.6-67.2-57.6-10.8 0-18.7 8-44.8 8-26.9 0-33.4-8-44.8-8-37.1 0-67.2 25.8-67.2 57.6v19.2c0 10.6 10 19.2 22.4 19.2z\"><\/path><\/svg>\t\t\t<\/div>\n\t\t<\/div>\n\t\t\t\t\t\t<\/div>\n\t\t\t\t<\/div>\n\t\t\t\t<div class=\"elementor-element elementor-element-4c7228e elementor-widget elementor-widget-heading\" data-id=\"4c7228e\" data-element_type=\"widget\" data-e-type=\"widget\" data-widget_type=\"heading.default\">\n\t\t\t\t<div class=\"elementor-widget-container\">\n\t\t\t\t\t<div class=\"elementor-heading-title elementor-size-default\">202.762 pasajeros\n\n<\/div>\t\t\t\t<\/div>\n\t\t\t\t<\/div>\n\t\t\t\t<div class=\"elementor-element elementor-element-fd78028 elementor-widget elementor-widget-text-editor\" data-id=\"fd78028\" data-element_type=\"widget\" data-e-type=\"widget\" data-widget_type=\"text-editor.default\">\n\t\t\t\t<div class=\"elementor-widget-container\">\n\t\t\t\t\t\t\t\t\t<p>Cifras mensuales de pasajeros<\/p>\t\t\t\t\t\t\t\t<\/div>\n\t\t\t\t<\/div>\n\t\t\t\t\t<\/div>\n\t\t<\/div>\n\t\t\t\t\t<\/div>\n\t\t<\/section>\n\t\t\t\t<\/div>","protected":false},"excerpt":{"rendered":"<p>Escale \u00c0 L&rsquo;a\u00e9roport D&rsquo;Essaouira Choses \u00e0 faire et conseils utiles pour votre escale \u00e0 l\u2019a\u00e9roport d\u2019Essaouira A\u00e9roport Essaouira Mogador\u00a0 &gt; Escale \u00c0 L\u2019a\u00e9roport Escale \u00e0 l&rsquo;a\u00e9roport d&rsquo;Essaouira Mogador (ESU) Si vous faites une escale \u00e0 l\u2019a\u00e9roport d\u2019Essaouira Mogador, vous appr\u00e9cierez la simplicit\u00e9 et la convivialit\u00e9 de ses \u00e9quipements con\u00e7us pour rendre votre attente agr\u00e9able et [&hellip;]<\/p>\n","protected":false},"author":1,"featured_media":0,"parent":123,"menu_order":0,"comment_status":"closed","ping_status":"closed","template":"","meta":{"footnotes":""},"class_list":["post-187","page","type-page","status-publish","hentry"],"_links":{"self":[{"href":"https:\/\/aeroport-essaouira.com\/es\/wp-json\/wp\/v2\/pages\/187","targetHints":{"allow":["GET"]}}],"collection":[{"href":"https:\/\/aeroport-essaouira.com\/es\/wp-json\/wp\/v2\/pages"}],"about":[{"href":"https:\/\/aeroport-essaouira.com\/es\/wp-json\/wp\/v2\/types\/page"}],"author":[{"embeddable":true,"href":"https:\/\/aeroport-essaouira.com\/es\/wp-json\/wp\/v2\/users\/1"}],"replies":[{"embeddable":true,"href":"https:\/\/aeroport-essaouira.com\/es\/wp-json\/wp\/v2\/comments?post=187"}],"version-history":[{"count":5,"href":"https:\/\/aeroport-essaouira.com\/es\/wp-json\/wp\/v2\/pages\/187\/revisions"}],"predecessor-version":[{"id":258,"href":"https:\/\/aeroport-essaouira.com\/es\/wp-json\/wp\/v2\/pages\/187\/revisions\/258"}],"up":[{"embeddable":true,"href":"https:\/\/aeroport-essaouira.com\/es\/wp-json\/wp\/v2\/pages\/123"}],"wp:attachment":[{"href":"https:\/\/aeroport-essaouira.com\/es\/wp-json\/wp\/v2\/media?parent=187"}],"curies":[{"name":"wp","href":"https:\/\/api.w.org\/{rel}","templated":true}]}}