{"id":187,"date":"2024-09-09T18:54:03","date_gmt":"2024-09-09T18:54:03","guid":{"rendered":"https:\/\/aeroport-essaouira.com\/?page_id=187"},"modified":"2024-09-10T13:08:19","modified_gmt":"2024-09-10T13:08:19","slug":"escale","status":"publish","type":"page","link":"https:\/\/aeroport-essaouira.com\/it\/guide\/escale\/","title":{"rendered":"Scalo all'aeroporto di Essaouira"},"content":{"rendered":"<div data-elementor-type=\"wp-page\" data-elementor-id=\"187\" class=\"elementor elementor-187\" data-elementor-post-type=\"page\">\n\t\t\t\t<div class=\"elementor-element elementor-element-e193fce e-flex e-con-boxed e-con e-parent\" data-id=\"e193fce\" data-element_type=\"container\" data-e-type=\"container\" data-settings=\"{&quot;background_background&quot;:&quot;classic&quot;}\">\n\t\t\t\t\t<div class=\"e-con-inner\">\n\t\t\t\t<div class=\"elementor-element elementor-element-2eb92ea elementor-widget elementor-widget-heading\" data-id=\"2eb92ea\" data-element_type=\"widget\" data-e-type=\"widget\" data-widget_type=\"heading.default\">\n\t\t\t\t<div class=\"elementor-widget-container\">\n\t\t\t\t\t<h1 class=\"elementor-heading-title elementor-size-default\">Scalo all'aeroporto di Essaouira\n<\/h1>\t\t\t\t<\/div>\n\t\t\t\t<\/div>\n\t\t\t\t<div class=\"elementor-element elementor-element-aa4db69 elementor-widget elementor-widget-heading\" data-id=\"aa4db69\" data-element_type=\"widget\" data-e-type=\"widget\" data-widget_type=\"heading.default\">\n\t\t\t\t<div class=\"elementor-widget-container\">\n\t\t\t\t\t<p class=\"elementor-heading-title elementor-size-default\">Cose da fare e consigli utili per il vostro scalo all'aeroporto di Essaouira\n\n<\/p>\t\t\t\t<\/div>\n\t\t\t\t<\/div>\n\t\t\t\t\t<\/div>\n\t\t\t\t<\/div>\n\t\t\t\t<section class=\"elementor-section elementor-top-section elementor-element elementor-element-1790b1a3 elementor-section-content-middle elementor-section-boxed elementor-section-height-default elementor-section-height-default\" data-id=\"1790b1a3\" data-element_type=\"section\" data-e-type=\"section\" data-settings=\"{&quot;background_background&quot;:&quot;classic&quot;}\">\n\t\t\t\t\t\t<div class=\"elementor-container elementor-column-gap-default\">\n\t\t\t\t\t<div class=\"elementor-column elementor-col-50 elementor-top-column elementor-element elementor-element-71aab1a5\" data-id=\"71aab1a5\" data-element_type=\"column\" data-e-type=\"column\">\n\t\t\t<div class=\"elementor-widget-wrap elementor-element-populated\">\n\t\t\t\t\t\t<div class=\"elementor-element elementor-element-719155e elementor-widget elementor-widget-text-editor\" data-id=\"719155e\" data-element_type=\"widget\" data-e-type=\"widget\" data-widget_type=\"text-editor.default\">\n\t\t\t\t<div class=\"elementor-widget-container\">\n\t\t\t\t\t\t\t\t\t<p><a href=\"https:\/\/aeroport-essaouira.com\/it\/\">Aeroporto di Essaouira Mogador<\/a>\u00a0 &gt; <strong>Scalo in aeroporto<\/strong><\/p>\t\t\t\t\t\t\t\t<\/div>\n\t\t\t\t<\/div>\n\t\t\t\t<div class=\"elementor-element elementor-element-4b541d87 elementor-widget elementor-widget-heading\" data-id=\"4b541d87\" data-element_type=\"widget\" data-e-type=\"widget\" data-widget_type=\"heading.default\">\n\t\t\t\t<div class=\"elementor-widget-container\">\n\t\t\t\t\t<h2 class=\"elementor-heading-title elementor-size-default\">Scalo all'aeroporto di Essaouira Mogador (ESU)\n<\/h2>\t\t\t\t<\/div>\n\t\t\t\t<\/div>\n\t\t\t\t<div class=\"elementor-element elementor-element-6166de31 elementor-widget elementor-widget-text-editor\" data-id=\"6166de31\" data-element_type=\"widget\" data-e-type=\"widget\" data-widget_type=\"text-editor.default\">\n\t\t\t\t<div class=\"elementor-widget-container\">\n\t\t\t\t\t\t\t\t\t<p>Se fate scalo all'aeroporto di Essaouira Mogador, apprezzerete le strutture semplici e accoglienti pensate per rendere la vostra attesa piacevole e confortevole. Come porta d'accesso all'incantevole citt\u00e0 di Essaouira e alla zona circostante, l'aeroporto dispone di numerosi caff\u00e8 dove \u00e8 possibile gustare uno spuntino o un drink. \u00c8 disponibile anche un negozio duty-free per gli acquisti dell'ultimo minuto o per i souvenir. Grazie alle modeste dimensioni dell'aeroporto, tutte le strutture sono facilmente raggiungibili a piedi, rendendo il vostro scalo all'aeroporto di Essaouira agevole e piacevole.<\/p>\t\t\t\t\t\t\t\t<\/div>\n\t\t\t\t<\/div>\n\t\t\t\t<div class=\"elementor-element elementor-element-e06f6f8 elementor-widget elementor-widget-heading\" data-id=\"e06f6f8\" data-element_type=\"widget\" data-e-type=\"widget\" data-widget_type=\"heading.default\">\n\t\t\t\t<div class=\"elementor-widget-container\">\n\t\t\t\t\t<h2 class=\"elementor-heading-title elementor-size-default\">5 modi per trascorrere un breve scalo all'aeroporto di Essaouira\n<\/h2>\t\t\t\t<\/div>\n\t\t\t\t<\/div>\n\t\t\t\t<div class=\"elementor-element elementor-element-e52c5d6 elementor-widget elementor-widget-image\" data-id=\"e52c5d6\" data-element_type=\"widget\" data-e-type=\"widget\" data-widget_type=\"image.default\">\n\t\t\t\t<div class=\"elementor-widget-container\">\n\t\t\t\t\t\t\t\t\t\t\t\t\t\t\t<img fetchpriority=\"high\" decoding=\"async\" width=\"800\" height=\"600\" src=\"https:\/\/aeroport-essaouira.com\/wp-content\/uploads\/2024\/09\/airport-1024x768.jpg\" class=\"attachment-large size-large wp-image-84\" alt=\"aeroporto\" srcset=\"https:\/\/aeroport-essaouira.com\/wp-content\/uploads\/2024\/09\/airport-1024x768.jpg 1024w, https:\/\/aeroport-essaouira.com\/wp-content\/uploads\/2024\/09\/airport-300x225.jpg 300w, https:\/\/aeroport-essaouira.com\/wp-content\/uploads\/2024\/09\/airport-768x576.jpg 768w, https:\/\/aeroport-essaouira.com\/wp-content\/uploads\/2024\/09\/airport.jpg 1360w\" sizes=\"(max-width: 800px) 100vw, 800px\" \/>\t\t\t\t\t\t\t\t\t\t\t\t\t\t\t<\/div>\n\t\t\t\t<\/div>\n\t\t\t\t<div class=\"elementor-element elementor-element-8d17cf3 elementor-widget elementor-widget-text-editor\" data-id=\"8d17cf3\" data-element_type=\"widget\" data-e-type=\"widget\" data-widget_type=\"text-editor.default\">\n\t\t\t\t<div class=\"elementor-widget-container\">\n\t\t\t\t\t\t\t\t\t<p>Quando siete in transito all'aeroporto di Essaouira Mogador, anche con poche ore a disposizione, potete sfruttare al meglio la vostra pausa senza lasciare il terminal. Ecco cinque modi per trasformare un breve scalo a Essaouira in un momento piacevole e rilassante.<\/p><ol><li><p><strong>Approfittate delle aree relax<\/strong><br \/>Sebbene l'aeroporto di Essaouira sia pi\u00f9 piccolo, offre aree confortevoli dove rilassarsi prima del prossimo volo. Sedetevi, godetevi la pace e la tranquillit\u00e0 e preparatevi per il resto del viaggio.<\/p><\/li><li><p><strong>Assaporare la cucina marocchina<\/strong><br \/>Assaggiate i sapori locali nei caff\u00e8 dell'aeroporto. Potrete assaggiare piatti marocchini come il tagine o il couscous, ideali per un pasto veloce ma autentico prima di ripartire.<\/p><\/li><li><p><strong>Fare shopping duty-free<\/strong><br \/>L'aeroporto dispone di un negozio duty-free, perfetto per acquistare souvenir o prodotti locali come spezie, olio di argan o anche artigianato. Troverete anche prodotti internazionali a prezzi vantaggiosi.<\/p><\/li><li><p><strong>Utilizzate il Wi-Fi per organizzare il resto del vostro viaggio<\/strong><br \/>L'aeroporto offre la connessione Wi-Fi gratuita. Approfittatene per pianificare il vostro itinerario, controllare le vostre e-mail o organizzare le vostre prossime prenotazioni prima di partire per la vostra destinazione finale.<\/p><\/li><li><p><strong>Ammirate l'artigianato locale<\/strong><br \/>A volte gli aeroporti espongono opere d'arte o di artigianato tipiche della regione. Prendetevi un momento per apprezzare questi pezzi e scoprite uno scorcio della ricca cultura artigianale di Essaouira, famosa per gli oggetti in legno e l'arte unica.<\/p><\/li><\/ol>\t\t\t\t\t\t\t\t<\/div>\n\t\t\t\t<\/div>\n\t\t\t\t<div class=\"elementor-element elementor-element-06a34f8 elementor-widget elementor-widget-heading\" data-id=\"06a34f8\" data-element_type=\"widget\" data-e-type=\"widget\" data-widget_type=\"heading.default\">\n\t\t\t\t<div class=\"elementor-widget-container\">\n\t\t\t\t\t<h2 class=\"elementor-heading-title elementor-size-default\">Se avete uno scalo lungo, non perdete tempo e andate a Essaouira!\n\n<\/h2>\t\t\t\t<\/div>\n\t\t\t\t<\/div>\n\t\t\t\t<div class=\"elementor-element elementor-element-ca11a96 elementor-widget elementor-widget-text-editor\" data-id=\"ca11a96\" data-element_type=\"widget\" data-e-type=\"widget\" data-widget_type=\"text-editor.default\">\n\t\t\t\t<div class=\"elementor-widget-container\">\n\t\t\t\t\t\t\t\t\t<p>Avete un lungo scalo all'aeroporto di Essaouira Mogador? \u00c8 l'occasione perfetta per uscire dall'aeroporto ed esplorare Essaouira, anche se solo per poche ore. Ecco come massimizzare il tempo a disposizione e sfruttare al meglio questa fuga improvvisa.<\/p><ol><li><p><strong>Pianificare in anticipo<\/strong><br \/>Prima di lasciare l'aeroporto, controllate gli orari dei voli e assicuratevi di poter uscire senza problemi, soprattutto per quanto riguarda i visti. Quindi pianificate un itinerario per sfruttare al meglio ogni minuto del vostro scalo.<\/p><\/li><li><p><strong>Visita alla Medina di Essaouira<\/strong><br \/>Patrimonio mondiale dell'UNESCO, la medina dista circa 20 minuti dall'aeroporto. Esplorate le sue strade pittoresche, ammirate le case imbiancate a calce e scoprite le botteghe degli artigiani locali. \u00c8 il luogo ideale per acquistare souvenir unici come l'olio di argan o gli oggetti in legno di cedro.<\/p><\/li><li><p><strong>Scoprite il porto di Essaouira<\/strong><br \/>Il pittoresco porto \u00e8 uno dei punti di riferimento della citt\u00e0. Prendetevi il tempo di osservare i pescatori locali che tornano con il pescato del giorno e godetevi la vista delle storiche fortificazioni che si affacciano sull'oceano.<\/p><\/li><li><p><strong>Godetevi le spiagge di Essaouira<\/strong><br \/>Se il tempo lo permette, dirigetevi verso la spiaggia di Essaouira, nota per i suoi venti costanti, ideali per il kitesurf o il windsurf. Anche una breve passeggiata lungo la spiaggia vi permetter\u00e0 di rilassarvi e respirare l'aria del mare.<\/p><\/li><li><p><strong>Esplorate il souk della medina<\/strong><br \/>Il souk di Essaouira \u00e8 ricco di prodotti locali, tappeti, gioielli e abiti tradizionali. Immergetevi nell'atmosfera locale, scoprite l'artigianato marocchino e assaggiate i dolci locali come le corna di gazzella.<\/p><\/li><li><p><strong>Assaporare la cucina locale<\/strong><br \/>Essaouira \u00e8 rinomata per i suoi frutti di mare freschi. Approfittate del vostro scalo per provare una deliziosa tagine di pesce o le sardine alla griglia in uno dei ristoranti sul mare.<\/p><\/li><li><p><strong>Ammirate i bastioni e la Skala<\/strong><br \/>I bastioni di Essaouira offrono una vista mozzafiato sull'Oceano Atlantico. Passeggiate lungo la Skala per apprezzare la bellezza architettonica di queste fortificazioni godendo della brezza marina.<\/p><\/li><\/ol><p>Non lasciate che un lungo scalo vi confini in aeroporto. Essaouira \u00e8 piena di tesori che meritano di essere scoperti. Approfittate di queste poche ore per esplorare questa citt\u00e0 magica!<\/p>\t\t\t\t\t\t\t\t<\/div>\n\t\t\t\t<\/div>\n\t\t\t\t\t<\/div>\n\t\t<\/div>\n\t\t\t\t<div class=\"elementor-column elementor-col-50 elementor-top-column elementor-element elementor-element-4a007f14\" data-id=\"4a007f14\" data-element_type=\"column\" data-e-type=\"column\" data-settings=\"{&quot;background_background&quot;:&quot;classic&quot;}\">\n\t\t\t<div class=\"elementor-widget-wrap\">\n\t\t\t\t\t\t\t<\/div>\n\t\t<\/div>\n\t\t\t\t\t<\/div>\n\t\t<\/section>\n\t\t\t\t<section class=\"elementor-section elementor-top-section elementor-element elementor-element-bee2376 elementor-section-content-middle elementor-section-boxed elementor-section-height-default elementor-section-height-default\" data-id=\"bee2376\" data-element_type=\"section\" data-e-type=\"section\" data-settings=\"{&quot;background_background&quot;:&quot;classic&quot;}\">\n\t\t\t\t\t\t<div class=\"elementor-container elementor-column-gap-default\">\n\t\t\t\t\t<div class=\"elementor-column elementor-col-33 elementor-top-column elementor-element elementor-element-da91176\" data-id=\"da91176\" data-element_type=\"column\" data-e-type=\"column\">\n\t\t\t<div class=\"elementor-widget-wrap elementor-element-populated\">\n\t\t\t\t\t\t<div class=\"elementor-element elementor-element-4479cef elementor-view-default elementor-widget elementor-widget-icon\" data-id=\"4479cef\" data-element_type=\"widget\" data-e-type=\"widget\" data-widget_type=\"icon.default\">\n\t\t\t\t<div class=\"elementor-widget-container\">\n\t\t\t\t\t\t\t<div class=\"elementor-icon-wrapper\">\n\t\t\t<div class=\"elementor-icon\">\n\t\t\t<svg aria-hidden=\"true\" class=\"e-font-icon-svg e-fas-plane\" viewbox=\"0 0 576 512\" xmlns=\"http:\/\/www.w3.org\/2000\/svg\"><path d=\"M480 192H365.71L260.61 8.06A16.014 16.014 0 0 0 246.71 0h-65.5c-10.63 0-18.3 10.17-15.38 20.39L214.86 192H112l-43.2-57.6c-3.02-4.03-7.77-6.4-12.8-6.4H16.01C5.6 128-2.04 137.78.49 147.88L32 256 .49 364.12C-2.04 374.22 5.6 384 16.01 384H56c5.04 0 9.78-2.37 12.8-6.4L112 320h102.86l-49.03 171.6c-2.92 10.22 4.75 20.4 15.38 20.4h65.5c5.74 0 11.04-3.08 13.89-8.06L365.71 320H480c35.35 0 96-28.65 96-64s-60.65-64-96-64z\"><\/path><\/svg>\t\t\t<\/div>\n\t\t<\/div>\n\t\t\t\t\t\t<\/div>\n\t\t\t\t<\/div>\n\t\t\t\t<div class=\"elementor-element elementor-element-498d80e elementor-widget elementor-widget-heading\" data-id=\"498d80e\" data-element_type=\"widget\" data-e-type=\"widget\" data-widget_type=\"heading.default\">\n\t\t\t\t<div class=\"elementor-widget-container\">\n\t\t\t\t\t<div class=\"elementor-heading-title elementor-size-default\">1.706 voli\n\n<\/div>\t\t\t\t<\/div>\n\t\t\t\t<\/div>\n\t\t\t\t<div class=\"elementor-element elementor-element-5c3b7c6 elementor-widget elementor-widget-text-editor\" data-id=\"5c3b7c6\" data-element_type=\"widget\" data-e-type=\"widget\" data-widget_type=\"text-editor.default\">\n\t\t\t\t<div class=\"elementor-widget-container\">\n\t\t\t\t\t\t\t\t\t<p>Operazioni di volo<\/p>\t\t\t\t\t\t\t\t<\/div>\n\t\t\t\t<\/div>\n\t\t\t\t\t<\/div>\n\t\t<\/div>\n\t\t\t\t<div class=\"elementor-column elementor-col-33 elementor-top-column elementor-element elementor-element-8c89132\" data-id=\"8c89132\" data-element_type=\"column\" data-e-type=\"column\">\n\t\t\t<div class=\"elementor-widget-wrap elementor-element-populated\">\n\t\t\t\t\t\t<div class=\"elementor-element elementor-element-b6377cf elementor-view-default elementor-widget elementor-widget-icon\" data-id=\"b6377cf\" data-element_type=\"widget\" data-e-type=\"widget\" data-widget_type=\"icon.default\">\n\t\t\t\t<div class=\"elementor-widget-container\">\n\t\t\t\t\t\t\t<div class=\"elementor-icon-wrapper\">\n\t\t\t<div class=\"elementor-icon\">\n\t\t\t<svg aria-hidden=\"true\" class=\"e-font-icon-svg e-fas-globe\" viewbox=\"0 0 496 512\" xmlns=\"http:\/\/www.w3.org\/2000\/svg\"><path d=\"M336.5 160C322 70.7 287.8 8 248 8s-74 62.7-88.5 152h177zM152 256c0 22.2 1.2 43.5 3.3 64h185.3c2.1-20.5 3.3-41.8 3.3-64s-1.2-43.5-3.3-64H155.3c-2.1 20.5-3.3 41.8-3.3 64zm324.7-96c-28.6-67.9-86.5-120.4-158-141.6 24.4 33.8 41.2 84.7 50 141.6h108zM177.2 18.4C105.8 39.6 47.8 92.1 19.3 160h108c8.7-56.9 25.5-107.8 49.9-141.6zM487.4 192H372.7c2.1 21 3.3 42.5 3.3 64s-1.2 43-3.3 64h114.6c5.5-20.5 8.6-41.8 8.6-64s-3.1-43.5-8.5-64zM120 256c0-21.5 1.2-43 3.3-64H8.6C3.2 212.5 0 233.8 0 256s3.2 43.5 8.6 64h114.6c-2-21-3.2-42.5-3.2-64zm39.5 96c14.5 89.3 48.7 152 88.5 152s74-62.7 88.5-152h-177zm159.3 141.6c71.4-21.2 129.4-73.7 158-141.6h-108c-8.8 56.9-25.6 107.8-50 141.6zM19.3 352c28.6 67.9 86.5 120.4 158 141.6-24.4-33.8-41.2-84.7-50-141.6h-108z\"><\/path><\/svg>\t\t\t<\/div>\n\t\t<\/div>\n\t\t\t\t\t\t<\/div>\n\t\t\t\t<\/div>\n\t\t\t\t<div class=\"elementor-element elementor-element-09349c6 elementor-widget elementor-widget-heading\" data-id=\"09349c6\" data-element_type=\"widget\" data-e-type=\"widget\" data-widget_type=\"heading.default\">\n\t\t\t\t<div class=\"elementor-widget-container\">\n\t\t\t\t\t<div class=\"elementor-heading-title elementor-size-default\">1 milione\n<\/div>\t\t\t\t<\/div>\n\t\t\t\t<\/div>\n\t\t\t\t<div class=\"elementor-element elementor-element-46d39ff elementor-widget elementor-widget-text-editor\" data-id=\"46d39ff\" data-element_type=\"widget\" data-e-type=\"widget\" data-widget_type=\"text-editor.default\">\n\t\t\t\t<div class=\"elementor-widget-container\">\n\t\t\t\t\t\t\t\t\t<p>Traffico passeggeri annuale<\/p>\t\t\t\t\t\t\t\t<\/div>\n\t\t\t\t<\/div>\n\t\t\t\t\t<\/div>\n\t\t<\/div>\n\t\t\t\t<div class=\"elementor-column elementor-col-33 elementor-top-column elementor-element elementor-element-cbb6c94\" data-id=\"cbb6c94\" data-element_type=\"column\" data-e-type=\"column\">\n\t\t\t<div class=\"elementor-widget-wrap elementor-element-populated\">\n\t\t\t\t\t\t<div class=\"elementor-element elementor-element-f59b7a3 elementor-view-default elementor-widget elementor-widget-icon\" data-id=\"f59b7a3\" data-element_type=\"widget\" data-e-type=\"widget\" data-widget_type=\"icon.default\">\n\t\t\t\t<div class=\"elementor-widget-container\">\n\t\t\t\t\t\t\t<div class=\"elementor-icon-wrapper\">\n\t\t\t<div class=\"elementor-icon\">\n\t\t\t<svg aria-hidden=\"true\" class=\"e-font-icon-svg e-far-address-book\" viewbox=\"0 0 448 512\" xmlns=\"http:\/\/www.w3.org\/2000\/svg\"><path d=\"M436 160c6.6 0 12-5.4 12-12v-40c0-6.6-5.4-12-12-12h-20V48c0-26.5-21.5-48-48-48H48C21.5 0 0 21.5 0 48v416c0 26.5 21.5 48 48 48h320c26.5 0 48-21.5 48-48v-48h20c6.6 0 12-5.4 12-12v-40c0-6.6-5.4-12-12-12h-20v-64h20c6.6 0 12-5.4 12-12v-40c0-6.6-5.4-12-12-12h-20v-64h20zm-68 304H48V48h320v416zM208 256c35.3 0 64-28.7 64-64s-28.7-64-64-64-64 28.7-64 64 28.7 64 64 64zm-89.6 128h179.2c12.4 0 22.4-8.6 22.4-19.2v-19.2c0-31.8-30.1-57.6-67.2-57.6-10.8 0-18.7 8-44.8 8-26.9 0-33.4-8-44.8-8-37.1 0-67.2 25.8-67.2 57.6v19.2c0 10.6 10 19.2 22.4 19.2z\"><\/path><\/svg>\t\t\t<\/div>\n\t\t<\/div>\n\t\t\t\t\t\t<\/div>\n\t\t\t\t<\/div>\n\t\t\t\t<div class=\"elementor-element elementor-element-4c7228e elementor-widget elementor-widget-heading\" data-id=\"4c7228e\" data-element_type=\"widget\" data-e-type=\"widget\" data-widget_type=\"heading.default\">\n\t\t\t\t<div class=\"elementor-widget-container\">\n\t\t\t\t\t<div class=\"elementor-heading-title elementor-size-default\">202.762 passeggeri\n\n<\/div>\t\t\t\t<\/div>\n\t\t\t\t<\/div>\n\t\t\t\t<div class=\"elementor-element elementor-element-fd78028 elementor-widget elementor-widget-text-editor\" data-id=\"fd78028\" data-element_type=\"widget\" data-e-type=\"widget\" data-widget_type=\"text-editor.default\">\n\t\t\t\t<div class=\"elementor-widget-container\">\n\t\t\t\t\t\t\t\t\t<p>Dati mensili sui passeggeri<\/p>\t\t\t\t\t\t\t\t<\/div>\n\t\t\t\t<\/div>\n\t\t\t\t\t<\/div>\n\t\t<\/div>\n\t\t\t\t\t<\/div>\n\t\t<\/section>\n\t\t\t\t<\/div>","protected":false},"excerpt":{"rendered":"<p>Escale \u00c0 L&rsquo;a\u00e9roport D&rsquo;Essaouira Choses \u00e0 faire et conseils utiles pour votre escale \u00e0 l\u2019a\u00e9roport d\u2019Essaouira A\u00e9roport Essaouira Mogador\u00a0 &gt; Escale \u00c0 L\u2019a\u00e9roport Escale \u00e0 l&rsquo;a\u00e9roport d&rsquo;Essaouira Mogador (ESU) Si vous faites une escale \u00e0 l\u2019a\u00e9roport d\u2019Essaouira Mogador, vous appr\u00e9cierez la simplicit\u00e9 et la convivialit\u00e9 de ses \u00e9quipements con\u00e7us pour rendre votre attente agr\u00e9able et [&hellip;]<\/p>\n","protected":false},"author":1,"featured_media":0,"parent":123,"menu_order":0,"comment_status":"closed","ping_status":"closed","template":"","meta":{"footnotes":""},"class_list":["post-187","page","type-page","status-publish","hentry"],"_links":{"self":[{"href":"https:\/\/aeroport-essaouira.com\/it\/wp-json\/wp\/v2\/pages\/187","targetHints":{"allow":["GET"]}}],"collection":[{"href":"https:\/\/aeroport-essaouira.com\/it\/wp-json\/wp\/v2\/pages"}],"about":[{"href":"https:\/\/aeroport-essaouira.com\/it\/wp-json\/wp\/v2\/types\/page"}],"author":[{"embeddable":true,"href":"https:\/\/aeroport-essaouira.com\/it\/wp-json\/wp\/v2\/users\/1"}],"replies":[{"embeddable":true,"href":"https:\/\/aeroport-essaouira.com\/it\/wp-json\/wp\/v2\/comments?post=187"}],"version-history":[{"count":5,"href":"https:\/\/aeroport-essaouira.com\/it\/wp-json\/wp\/v2\/pages\/187\/revisions"}],"predecessor-version":[{"id":258,"href":"https:\/\/aeroport-essaouira.com\/it\/wp-json\/wp\/v2\/pages\/187\/revisions\/258"}],"up":[{"embeddable":true,"href":"https:\/\/aeroport-essaouira.com\/it\/wp-json\/wp\/v2\/pages\/123"}],"wp:attachment":[{"href":"https:\/\/aeroport-essaouira.com\/it\/wp-json\/wp\/v2\/media?parent=187"}],"curies":[{"name":"wp","href":"https:\/\/api.w.org\/{rel}","templated":true}]}}